{"id":161,"date":"2025-05-01T19:55:05","date_gmt":"2025-05-01T16:55:05","guid":{"rendered":"https:\/\/modernwaylogistics.pl\/?page_id=161"},"modified":"2025-06-25T12:17:11","modified_gmt":"2025-06-25T09:17:11","slug":"countres","status":"publish","type":"page","link":"https:\/\/modernwaylogistics.pl\/en\/countres\/","title":{"rendered":"Geografia"},"content":{"rendered":"","protected":false},"excerpt":{"rendered":"","protected":false},"author":1,"featured_media":0,"parent":0,"menu_order":9,"comment_status":"closed","ping_status":"closed","template":"templates\/countres.php","meta":{"inline_featured_image":false,"wp_typography_post_enhancements_disabled":false,"footnotes":""},"class_list":["post-161","page","type-page","status-publish","hentry"],"acf":[],"yoast_head":"<!-- This site is optimized with the Yoast SEO plugin v25.7 - https:\/\/yoast.com\/wordpress\/plugins\/seo\/ -->\n<title>Geografia przewoz\u00f3w mi\u0119dzynarodowych - Modern Way<\/title>\n<meta name=\"description\" content=\"Bezpo\u015brednie kontrakty z operatorami kolejowymi. Bezpo\u015brednia wsp\u00f3\u0142praca z liniami \u017ceglugowymi. Kontenery 20\u2019 DC oraz 40\u2019 HC (High Cube)\" \/>\n<meta name=\"robots\" content=\"index, follow, max-snippet:-1, max-image-preview:large, max-video-preview:-1\" \/>\n<link rel=\"canonical\" href=\"https:\/\/modernwaylogistics.pl\/countres\/\" \/>\n<meta property=\"og:locale\" content=\"en_US\" \/>\n<meta property=\"og:type\" content=\"article\" \/>\n<meta property=\"og:title\" content=\"Geografia przewoz\u00f3w mi\u0119dzynarodowych - Modern Way\" \/>\n<meta property=\"og:description\" content=\"Bezpo\u015brednie kontrakty z operatorami kolejowymi. Bezpo\u015brednia wsp\u00f3\u0142praca z liniami \u017ceglugowymi. Kontenery 20\u2019 DC oraz 40\u2019 HC (High Cube)\" \/>\n<meta property=\"og:url\" content=\"https:\/\/modernwaylogistics.pl\/countres\/\" \/>\n<meta property=\"og:site_name\" content=\"Modern Way\" \/>\n<meta property=\"article:modified_time\" content=\"2025-06-25T09:17:11+00:00\" \/>\n<meta name=\"twitter:card\" content=\"summary_large_image\" \/>\n<script type=\"application\/ld+json\" class=\"yoast-schema-graph\">{\"@context\":\"https:\/\/schema.org\",\"@graph\":[{\"@type\":\"WebPage\",\"@id\":\"https:\/\/modernwaylogistics.pl\/countres\/\",\"url\":\"https:\/\/modernwaylogistics.pl\/countres\/\",\"name\":\"Geografia przewoz\u00f3w mi\u0119dzynarodowych - Modern Way\",\"isPartOf\":{\"@id\":\"https:\/\/modernwaylogistics.pl\/#website\"},\"datePublished\":\"2025-05-01T16:55:05+00:00\",\"dateModified\":\"2025-06-25T09:17:11+00:00\",\"description\":\"Bezpo\u015brednie kontrakty z operatorami kolejowymi. Bezpo\u015brednia wsp\u00f3\u0142praca z liniami \u017ceglugowymi. Kontenery 20\u2019 DC oraz 40\u2019 HC (High Cube)\",\"breadcrumb\":{\"@id\":\"https:\/\/modernwaylogistics.pl\/countres\/#breadcrumb\"},\"inLanguage\":\"en-US\",\"potentialAction\":[{\"@type\":\"ReadAction\",\"target\":[\"https:\/\/modernwaylogistics.pl\/countres\/\"]}]},{\"@type\":\"BreadcrumbList\",\"@id\":\"https:\/\/modernwaylogistics.pl\/countres\/#breadcrumb\",\"itemListElement\":[{\"@type\":\"ListItem\",\"position\":1,\"name\":\"Strona g\u0142\u00f3wna\",\"item\":\"https:\/\/modernwaylogistics.pl\/en\/sample-page\/\"},{\"@type\":\"ListItem\",\"position\":2,\"name\":\"Geografia\"}]},{\"@type\":\"WebSite\",\"@id\":\"https:\/\/modernwaylogistics.pl\/#website\",\"url\":\"https:\/\/modernwaylogistics.pl\/\",\"name\":\"Modern Way\",\"description\":\"Modern Way Cross Border Logistics to mi\u0119dzynarodowy operator przyspieszonych poci\u0105g\u00f3w kontenerowych.\",\"potentialAction\":[{\"@type\":\"SearchAction\",\"target\":{\"@type\":\"EntryPoint\",\"urlTemplate\":\"https:\/\/modernwaylogistics.pl\/?s={search_term_string}\"},\"query-input\":{\"@type\":\"PropertyValueSpecification\",\"valueRequired\":true,\"valueName\":\"search_term_string\"}}],\"inLanguage\":\"en-US\"}]}<\/script>\n<!-- \/ Yoast SEO plugin. -->","yoast_head_json":{"title":"Geografia przewoz\u00f3w mi\u0119dzynarodowych - Modern Way","description":"Bezpo\u015brednie kontrakty z operatorami kolejowymi. Bezpo\u015brednia wsp\u00f3\u0142praca z liniami \u017ceglugowymi. Kontenery 20\u2019 DC oraz 40\u2019 HC (High Cube)","robots":{"index":"index","follow":"follow","max-snippet":"max-snippet:-1","max-image-preview":"max-image-preview:large","max-video-preview":"max-video-preview:-1"},"canonical":"https:\/\/modernwaylogistics.pl\/countres\/","og_locale":"en_US","og_type":"article","og_title":"Geografia przewoz\u00f3w mi\u0119dzynarodowych - Modern Way","og_description":"Bezpo\u015brednie kontrakty z operatorami kolejowymi. Bezpo\u015brednia wsp\u00f3\u0142praca z liniami \u017ceglugowymi. Kontenery 20\u2019 DC oraz 40\u2019 HC (High Cube)","og_url":"https:\/\/modernwaylogistics.pl\/countres\/","og_site_name":"Modern Way","article_modified_time":"2025-06-25T09:17:11+00:00","twitter_card":"summary_large_image","schema":{"@context":"https:\/\/schema.org","@graph":[{"@type":"WebPage","@id":"https:\/\/modernwaylogistics.pl\/countres\/","url":"https:\/\/modernwaylogistics.pl\/countres\/","name":"Geografia przewoz\u00f3w mi\u0119dzynarodowych - Modern Way","isPartOf":{"@id":"https:\/\/modernwaylogistics.pl\/#website"},"datePublished":"2025-05-01T16:55:05+00:00","dateModified":"2025-06-25T09:17:11+00:00","description":"Bezpo\u015brednie kontrakty z operatorami kolejowymi. Bezpo\u015brednia wsp\u00f3\u0142praca z liniami \u017ceglugowymi. Kontenery 20\u2019 DC oraz 40\u2019 HC (High Cube)","breadcrumb":{"@id":"https:\/\/modernwaylogistics.pl\/countres\/#breadcrumb"},"inLanguage":"en-US","potentialAction":[{"@type":"ReadAction","target":["https:\/\/modernwaylogistics.pl\/countres\/"]}]},{"@type":"BreadcrumbList","@id":"https:\/\/modernwaylogistics.pl\/countres\/#breadcrumb","itemListElement":[{"@type":"ListItem","position":1,"name":"Strona g\u0142\u00f3wna","item":"https:\/\/modernwaylogistics.pl\/en\/sample-page\/"},{"@type":"ListItem","position":2,"name":"Geografia"}]},{"@type":"WebSite","@id":"https:\/\/modernwaylogistics.pl\/#website","url":"https:\/\/modernwaylogistics.pl\/","name":"Modern Way","description":"Modern Way Cross Border Logistics to mi\u0119dzynarodowy operator przyspieszonych poci\u0105g\u00f3w kontenerowych.","potentialAction":[{"@type":"SearchAction","target":{"@type":"EntryPoint","urlTemplate":"https:\/\/modernwaylogistics.pl\/?s={search_term_string}"},"query-input":{"@type":"PropertyValueSpecification","valueRequired":true,"valueName":"search_term_string"}}],"inLanguage":"en-US"}]}},"_links":{"self":[{"href":"https:\/\/modernwaylogistics.pl\/en\/wp-json\/wp\/v2\/pages\/161","targetHints":{"allow":["GET"]}}],"collection":[{"href":"https:\/\/modernwaylogistics.pl\/en\/wp-json\/wp\/v2\/pages"}],"about":[{"href":"https:\/\/modernwaylogistics.pl\/en\/wp-json\/wp\/v2\/types\/page"}],"author":[{"embeddable":true,"href":"https:\/\/modernwaylogistics.pl\/en\/wp-json\/wp\/v2\/users\/1"}],"replies":[{"embeddable":true,"href":"https:\/\/modernwaylogistics.pl\/en\/wp-json\/wp\/v2\/comments?post=161"}],"version-history":[{"count":16,"href":"https:\/\/modernwaylogistics.pl\/en\/wp-json\/wp\/v2\/pages\/161\/revisions"}],"predecessor-version":[{"id":971,"href":"https:\/\/modernwaylogistics.pl\/en\/wp-json\/wp\/v2\/pages\/161\/revisions\/971"}],"wp:attachment":[{"href":"https:\/\/modernwaylogistics.pl\/en\/wp-json\/wp\/v2\/media?parent=161"}],"curies":[{"name":"wp","href":"https:\/\/api.w.org\/{rel}","templated":true}]}}