{"id":259,"date":"2025-05-02T15:19:17","date_gmt":"2025-05-02T12:19:17","guid":{"rendered":"https:\/\/modernwaylogistics.pl\/?page_id=259"},"modified":"2025-06-03T08:33:39","modified_gmt":"2025-06-03T05:33:39","slug":"vacancies","status":"publish","type":"page","link":"https:\/\/modernwaylogistics.pl\/en\/o-firmie\/vacancies\/","title":{"rendered":"Oferty pracy"},"content":{"rendered":"","protected":false},"excerpt":{"rendered":"","protected":false},"author":1,"featured_media":0,"parent":257,"menu_order":7,"comment_status":"closed","ping_status":"closed","template":"templates\/vacancies.php","meta":{"inline_featured_image":false,"wp_typography_post_enhancements_disabled":false,"footnotes":""},"class_list":["post-259","page","type-page","status-publish","hentry"],"acf":[],"yoast_head":"<!-- This site is optimized with the Yoast SEO plugin v25.7 - https:\/\/yoast.com\/wordpress\/plugins\/seo\/ -->\n<title>Oferty pracy w Modern Way - Modern Way<\/title>\n<meta name=\"description\" content=\"Dzia\u0142amy na rynku od 2010 roku, konsekwentnie rozszerzaj\u0105c geografi\u0119 przewoz\u00f3w oraz podnosz\u0105c jako\u015b\u0107 \u015bwiadczonych us\u0142ug.\" \/>\n<meta name=\"robots\" content=\"index, follow, max-snippet:-1, max-image-preview:large, max-video-preview:-1\" \/>\n<link rel=\"canonical\" href=\"https:\/\/modernwaylogistics.pl\/o-firmie\/vacancies\/\" \/>\n<meta property=\"og:locale\" content=\"en_US\" \/>\n<meta property=\"og:type\" content=\"article\" \/>\n<meta property=\"og:title\" content=\"Oferty pracy w Modern Way - Modern Way\" \/>\n<meta property=\"og:description\" content=\"Dzia\u0142amy na rynku od 2010 roku, konsekwentnie rozszerzaj\u0105c geografi\u0119 przewoz\u00f3w oraz podnosz\u0105c jako\u015b\u0107 \u015bwiadczonych us\u0142ug.\" \/>\n<meta property=\"og:url\" content=\"https:\/\/modernwaylogistics.pl\/o-firmie\/vacancies\/\" \/>\n<meta property=\"og:site_name\" content=\"Modern Way\" \/>\n<meta property=\"article:modified_time\" content=\"2025-06-03T05:33:39+00:00\" \/>\n<meta name=\"twitter:card\" content=\"summary_large_image\" \/>\n<script type=\"application\/ld+json\" class=\"yoast-schema-graph\">{\"@context\":\"https:\/\/schema.org\",\"@graph\":[{\"@type\":\"WebPage\",\"@id\":\"https:\/\/modernwaylogistics.pl\/o-firmie\/vacancies\/\",\"url\":\"https:\/\/modernwaylogistics.pl\/o-firmie\/vacancies\/\",\"name\":\"Oferty pracy w Modern Way - Modern Way\",\"isPartOf\":{\"@id\":\"https:\/\/modernwaylogistics.pl\/#website\"},\"datePublished\":\"2025-05-02T12:19:17+00:00\",\"dateModified\":\"2025-06-03T05:33:39+00:00\",\"description\":\"Dzia\u0142amy na rynku od 2010 roku, konsekwentnie rozszerzaj\u0105c geografi\u0119 przewoz\u00f3w oraz podnosz\u0105c jako\u015b\u0107 \u015bwiadczonych us\u0142ug.\",\"breadcrumb\":{\"@id\":\"https:\/\/modernwaylogistics.pl\/o-firmie\/vacancies\/#breadcrumb\"},\"inLanguage\":\"en-US\",\"potentialAction\":[{\"@type\":\"ReadAction\",\"target\":[\"https:\/\/modernwaylogistics.pl\/o-firmie\/vacancies\/\"]}]},{\"@type\":\"BreadcrumbList\",\"@id\":\"https:\/\/modernwaylogistics.pl\/o-firmie\/vacancies\/#breadcrumb\",\"itemListElement\":[{\"@type\":\"ListItem\",\"position\":1,\"name\":\"Strona g\u0142\u00f3wna\",\"item\":\"https:\/\/modernwaylogistics.pl\/en\/sample-page\/\"},{\"@type\":\"ListItem\",\"position\":2,\"name\":\"O firmie\",\"item\":\"https:\/\/modernwaylogistics.pl\/o-firmie\/\"},{\"@type\":\"ListItem\",\"position\":3,\"name\":\"Oferty pracy\"}]},{\"@type\":\"WebSite\",\"@id\":\"https:\/\/modernwaylogistics.pl\/#website\",\"url\":\"https:\/\/modernwaylogistics.pl\/\",\"name\":\"Modern Way\",\"description\":\"Modern Way Cross Border Logistics to mi\u0119dzynarodowy operator przyspieszonych poci\u0105g\u00f3w kontenerowych.\",\"potentialAction\":[{\"@type\":\"SearchAction\",\"target\":{\"@type\":\"EntryPoint\",\"urlTemplate\":\"https:\/\/modernwaylogistics.pl\/?s={search_term_string}\"},\"query-input\":{\"@type\":\"PropertyValueSpecification\",\"valueRequired\":true,\"valueName\":\"search_term_string\"}}],\"inLanguage\":\"en-US\"}]}<\/script>\n<!-- \/ Yoast SEO plugin. -->","yoast_head_json":{"title":"Oferty pracy w Modern Way - Modern Way","description":"Dzia\u0142amy na rynku od 2010 roku, konsekwentnie rozszerzaj\u0105c geografi\u0119 przewoz\u00f3w oraz podnosz\u0105c jako\u015b\u0107 \u015bwiadczonych us\u0142ug.","robots":{"index":"index","follow":"follow","max-snippet":"max-snippet:-1","max-image-preview":"max-image-preview:large","max-video-preview":"max-video-preview:-1"},"canonical":"https:\/\/modernwaylogistics.pl\/o-firmie\/vacancies\/","og_locale":"en_US","og_type":"article","og_title":"Oferty pracy w Modern Way - Modern Way","og_description":"Dzia\u0142amy na rynku od 2010 roku, konsekwentnie rozszerzaj\u0105c geografi\u0119 przewoz\u00f3w oraz podnosz\u0105c jako\u015b\u0107 \u015bwiadczonych us\u0142ug.","og_url":"https:\/\/modernwaylogistics.pl\/o-firmie\/vacancies\/","og_site_name":"Modern Way","article_modified_time":"2025-06-03T05:33:39+00:00","twitter_card":"summary_large_image","schema":{"@context":"https:\/\/schema.org","@graph":[{"@type":"WebPage","@id":"https:\/\/modernwaylogistics.pl\/o-firmie\/vacancies\/","url":"https:\/\/modernwaylogistics.pl\/o-firmie\/vacancies\/","name":"Oferty pracy w Modern Way - Modern Way","isPartOf":{"@id":"https:\/\/modernwaylogistics.pl\/#website"},"datePublished":"2025-05-02T12:19:17+00:00","dateModified":"2025-06-03T05:33:39+00:00","description":"Dzia\u0142amy na rynku od 2010 roku, konsekwentnie rozszerzaj\u0105c geografi\u0119 przewoz\u00f3w oraz podnosz\u0105c jako\u015b\u0107 \u015bwiadczonych us\u0142ug.","breadcrumb":{"@id":"https:\/\/modernwaylogistics.pl\/o-firmie\/vacancies\/#breadcrumb"},"inLanguage":"en-US","potentialAction":[{"@type":"ReadAction","target":["https:\/\/modernwaylogistics.pl\/o-firmie\/vacancies\/"]}]},{"@type":"BreadcrumbList","@id":"https:\/\/modernwaylogistics.pl\/o-firmie\/vacancies\/#breadcrumb","itemListElement":[{"@type":"ListItem","position":1,"name":"Strona g\u0142\u00f3wna","item":"https:\/\/modernwaylogistics.pl\/en\/sample-page\/"},{"@type":"ListItem","position":2,"name":"O firmie","item":"https:\/\/modernwaylogistics.pl\/o-firmie\/"},{"@type":"ListItem","position":3,"name":"Oferty pracy"}]},{"@type":"WebSite","@id":"https:\/\/modernwaylogistics.pl\/#website","url":"https:\/\/modernwaylogistics.pl\/","name":"Modern Way","description":"Modern Way Cross Border Logistics to mi\u0119dzynarodowy operator przyspieszonych poci\u0105g\u00f3w kontenerowych.","potentialAction":[{"@type":"SearchAction","target":{"@type":"EntryPoint","urlTemplate":"https:\/\/modernwaylogistics.pl\/?s={search_term_string}"},"query-input":{"@type":"PropertyValueSpecification","valueRequired":true,"valueName":"search_term_string"}}],"inLanguage":"en-US"}]}},"_links":{"self":[{"href":"https:\/\/modernwaylogistics.pl\/en\/wp-json\/wp\/v2\/pages\/259","targetHints":{"allow":["GET"]}}],"collection":[{"href":"https:\/\/modernwaylogistics.pl\/en\/wp-json\/wp\/v2\/pages"}],"about":[{"href":"https:\/\/modernwaylogistics.pl\/en\/wp-json\/wp\/v2\/types\/page"}],"author":[{"embeddable":true,"href":"https:\/\/modernwaylogistics.pl\/en\/wp-json\/wp\/v2\/users\/1"}],"replies":[{"embeddable":true,"href":"https:\/\/modernwaylogistics.pl\/en\/wp-json\/wp\/v2\/comments?post=259"}],"version-history":[{"count":5,"href":"https:\/\/modernwaylogistics.pl\/en\/wp-json\/wp\/v2\/pages\/259\/revisions"}],"predecessor-version":[{"id":494,"href":"https:\/\/modernwaylogistics.pl\/en\/wp-json\/wp\/v2\/pages\/259\/revisions\/494"}],"up":[{"embeddable":true,"href":"https:\/\/modernwaylogistics.pl\/en\/wp-json\/wp\/v2\/pages\/257"}],"wp:attachment":[{"href":"https:\/\/modernwaylogistics.pl\/en\/wp-json\/wp\/v2\/media?parent=259"}],"curies":[{"name":"wp","href":"https:\/\/api.w.org\/{rel}","templated":true}]}}