{"id":262,"date":"2025-05-02T15:30:57","date_gmt":"2025-05-02T12:30:57","guid":{"rendered":"https:\/\/modernwaylogistics.pl\/?page_id=262"},"modified":"2025-07-02T09:45:36","modified_gmt":"2025-07-02T06:45:36","slug":"specjalista-ds-obslugi-klienta-transport-kontenerowy-miedzynarodowy","status":"publish","type":"page","link":"https:\/\/modernwaylogistics.pl\/en\/o-firmie\/vacancies\/specjalista-ds-obslugi-klienta-transport-kontenerowy-miedzynarodowy\/","title":{"rendered":"Specjalista ds. obs\u0142ugi klienta"},"content":{"rendered":"<p>Lokalizacja: Tkaczy 14, 01\u2013346 Warszawa<\/p>\n<p>Pe\u0142ny etat | Umowa o&nbsp;prac\u0119 | Praca stacjonarna<\/p>\n<p>Jeste\u015bmy firm\u0105 specjalizuj\u0105c\u0105 si\u0119 w&nbsp;mi\u0119dzynarodowej logistyce kontenerowej. Szukamy osoby, kt\u00f3ra chce rozwija\u0107 si\u0119 w&nbsp;dynamicznym \u015brodowisku transportu multimodalnego, buduj\u0105c trwa\u0142e relacje z&nbsp;klientami i&nbsp;partnerami mi\u0119dzynarodowymi.<\/p>\n<h3><strong>Zakres obowi\u0105zk\u00f3w:<\/strong><\/h3>\n<ul>\n<li>Kompleksowa obs\u0142uga klienta w&nbsp;zakresie mi\u0119dzynarodowych przewoz\u00f3w kontenerowych (import\/eksport \u2013 Azja, Europa, WNP)<\/li>\n<li>Organizacja transport\u00f3w kolejowych, morskich, drogowych oraz multimodalnych<\/li>\n<li>Koordynacja procesu dostawy od z\u0142o\u017cenia zlecenia do dor\u0119czenia \u0142adunku<\/li>\n<li>Codzienne informowanie klient\u00f3w o&nbsp;statusie przesy\u0142ki i&nbsp;ewentualnych problemach<\/li>\n<li>Sta\u0142a wsp\u00f3\u0142praca z&nbsp;przewo\u017anikami, agentami, spedytorami<\/li>\n<li>Tworzenie ofert i&nbsp;wyceny frachtu, wystawianie faktur, kontrola p\u0142atno\u015bci<\/li>\n<li>Obs\u0142uga systemu CRM i&nbsp;wewn\u0119trznych narz\u0119dzi raportowych<\/li>\n<li>Przygotowywanie dokumentacji transportowej i&nbsp;kontrola jej poprawno\u015bci<\/li>\n<li>Negocjacje z&nbsp;partnerami i&nbsp;rozw\u00f3j nowych kana\u0142\u00f3w logistycznych<\/li>\n<\/ul>\n<h3><strong>Wymagania:<\/strong><\/h3>\n<ul>\n<li>Minimum 1&nbsp;rok do\u015bwiadczenia w&nbsp;bran\u017cy TSL, szczeg\u00f3lnie w&nbsp;transporcie kontenerowym<\/li>\n<li>Znajomo\u015b\u0107 zasad Incoterms oraz dokument\u00f3w spedycyjnych<\/li>\n<li>Znajomo\u015b\u0107 j\u0119zyka angielskiego na poziomie min. B2 (korespondencja biznesowa)<\/li>\n<li>Umiej\u0119tno\u015b\u0107 pracy z&nbsp;du\u017c\u0105 ilo\u015bci\u0105 danych i&nbsp;w dynamicznym \u015brodowisku<\/li>\n<li>Samodzielno\u015b\u0107, odpowiedzialno\u015b\u0107 i&nbsp;bardzo dobra organizacja pracy<\/li>\n<li>Mile widziana znajomo\u015b\u0107 j\u0119zyka chi\u0144skiego<\/li>\n<\/ul>\n<h3><strong>Co oferujemy:<\/strong><\/h3>\n<ul>\n<li>Zatrudnienie na podstawie umowy o&nbsp;prac\u0119<\/li>\n<li>Wynagrodzenie podstawowe + premie (do ustalenia indywidualnie)<\/li>\n<li>Prac\u0119 od poniedzia\u0142ku do pi\u0105tku w&nbsp;godzinach 8:00\u201316:00 (wolne weekendy)<\/li>\n<li>Nowoczesne biuro i&nbsp;wspieraj\u0105cy zesp\u00f3\u0142<\/li>\n<li>Mo\u017cliwo\u015b\u0107 rozwoju w&nbsp;firmie dzia\u0142aj\u0105cej na rynku mi\u0119dzynarodowym<\/li>\n<\/ul>\n<p>Zainteresowana\/y? Prze\u015blij swoje CV \u2013 skontaktujemy si\u0119 z&nbsp;wybranymi kandydatami.<\/p>\n<p>Do\u0142\u0105cz do naszego zespo\u0142u i&nbsp;rozwijaj karier\u0119 w&nbsp;mi\u0119dzynarodowej logistyce!<\/p>\n","protected":false},"excerpt":{"rendered":"<p>Lokalizacja: Tkaczy 14, 01\u2013346 Warszawa Pe\u0142ny etat | Umowa o&nbsp;prac\u0119 | Praca stacjonarna Jeste\u015bmy firm\u0105 specjalizuj\u0105c\u0105 si\u0119 w&nbsp;mi\u0119dzynarodowej logistyce kontenerowej. Szukamy osoby, kt\u00f3ra chce rozwija\u0107 si\u0119 w&nbsp;dynamicznym \u015brodowisku transportu multimodalnego, buduj\u0105c trwa\u0142e relacje z&nbsp;klientami i&nbsp;partnerami mi\u0119dzynarodowymi. Zakres obowi\u0105zk\u00f3w: Kompleksowa obs\u0142uga klienta w&nbsp;zakresie mi\u0119dzynarodowych przewoz\u00f3w kontenerowych (import\/eksport \u2013 Azja, Europa, WNP) Organizacja transport\u00f3w kolejowych, morskich, drogowych&nbsp;[\u2026]<\/p>\n","protected":false},"author":1,"featured_media":0,"parent":259,"menu_order":8,"comment_status":"closed","ping_status":"closed","template":"templates\/vacance.php","meta":{"inline_featured_image":false,"wp_typography_post_enhancements_disabled":false,"footnotes":""},"class_list":["post-262","page","type-page","status-publish","hentry"],"acf":[],"yoast_head":"<!-- This site is optimized with the Yoast SEO plugin v25.7 - https:\/\/yoast.com\/wordpress\/plugins\/seo\/ -->\n<title>Specjalista ds. obs\u0142ugi klienta - Modern Way<\/title>\n<meta name=\"description\" content=\"Jeste\u015bmy firm\u0105 specjalizuj\u0105c\u0105 si\u0119 w mi\u0119dzynarodowej logistyce kontenerowej. Szukamy osoby, kt\u00f3ra chce rozwija\u0107 si\u0119 w dynamicznym \u015brodowisku transportu multimodalnego, buduj\u0105c trwa\u0142e relacje z klientami i partnerami mi\u0119dzynarodowymi.\" \/>\n<meta name=\"robots\" content=\"index, follow, max-snippet:-1, max-image-preview:large, max-video-preview:-1\" \/>\n<link rel=\"canonical\" href=\"https:\/\/modernwaylogistics.pl\/o-firmie\/vacancies\/specjalista-ds-obslugi-klienta-transport-kontenerowy-miedzynarodowy\/\" \/>\n<meta property=\"og:locale\" content=\"en_US\" \/>\n<meta property=\"og:type\" content=\"article\" \/>\n<meta property=\"og:title\" content=\"Specjalista ds. obs\u0142ugi klienta - Modern Way\" \/>\n<meta property=\"og:description\" content=\"Jeste\u015bmy firm\u0105 specjalizuj\u0105c\u0105 si\u0119 w mi\u0119dzynarodowej logistyce kontenerowej. Szukamy osoby, kt\u00f3ra chce rozwija\u0107 si\u0119 w dynamicznym \u015brodowisku transportu multimodalnego, buduj\u0105c trwa\u0142e relacje z klientami i partnerami mi\u0119dzynarodowymi.\" \/>\n<meta property=\"og:url\" content=\"https:\/\/modernwaylogistics.pl\/o-firmie\/vacancies\/specjalista-ds-obslugi-klienta-transport-kontenerowy-miedzynarodowy\/\" \/>\n<meta property=\"og:site_name\" content=\"Modern Way\" \/>\n<meta property=\"article:modified_time\" content=\"2025-07-02T06:45:36+00:00\" \/>\n<meta name=\"twitter:card\" content=\"summary_large_image\" \/>\n<meta name=\"twitter:label1\" content=\"Est. reading time\" \/>\n\t<meta name=\"twitter:data1\" content=\"2 minutes\" \/>\n<script type=\"application\/ld+json\" class=\"yoast-schema-graph\">{\"@context\":\"https:\/\/schema.org\",\"@graph\":[{\"@type\":\"WebPage\",\"@id\":\"https:\/\/modernwaylogistics.pl\/o-firmie\/vacancies\/specjalista-ds-obslugi-klienta-transport-kontenerowy-miedzynarodowy\/\",\"url\":\"https:\/\/modernwaylogistics.pl\/o-firmie\/vacancies\/specjalista-ds-obslugi-klienta-transport-kontenerowy-miedzynarodowy\/\",\"name\":\"Specjalista ds. obs\u0142ugi klienta - Modern Way\",\"isPartOf\":{\"@id\":\"https:\/\/modernwaylogistics.pl\/#website\"},\"datePublished\":\"2025-05-02T12:30:57+00:00\",\"dateModified\":\"2025-07-02T06:45:36+00:00\",\"description\":\"Jeste\u015bmy firm\u0105 specjalizuj\u0105c\u0105 si\u0119 w mi\u0119dzynarodowej logistyce kontenerowej. Szukamy osoby, kt\u00f3ra chce rozwija\u0107 si\u0119 w dynamicznym \u015brodowisku transportu multimodalnego, buduj\u0105c trwa\u0142e relacje z klientami i partnerami mi\u0119dzynarodowymi.\",\"breadcrumb\":{\"@id\":\"https:\/\/modernwaylogistics.pl\/o-firmie\/vacancies\/specjalista-ds-obslugi-klienta-transport-kontenerowy-miedzynarodowy\/#breadcrumb\"},\"inLanguage\":\"en-US\",\"potentialAction\":[{\"@type\":\"ReadAction\",\"target\":[\"https:\/\/modernwaylogistics.pl\/o-firmie\/vacancies\/specjalista-ds-obslugi-klienta-transport-kontenerowy-miedzynarodowy\/\"]}]},{\"@type\":\"BreadcrumbList\",\"@id\":\"https:\/\/modernwaylogistics.pl\/o-firmie\/vacancies\/specjalista-ds-obslugi-klienta-transport-kontenerowy-miedzynarodowy\/#breadcrumb\",\"itemListElement\":[{\"@type\":\"ListItem\",\"position\":1,\"name\":\"Strona g\u0142\u00f3wna\",\"item\":\"https:\/\/modernwaylogistics.pl\/en\/sample-page\/\"},{\"@type\":\"ListItem\",\"position\":2,\"name\":\"O firmie\",\"item\":\"https:\/\/modernwaylogistics.pl\/o-firmie\/\"},{\"@type\":\"ListItem\",\"position\":3,\"name\":\"Oferty pracy\",\"item\":\"https:\/\/modernwaylogistics.pl\/o-firmie\/vacancies\/\"},{\"@type\":\"ListItem\",\"position\":4,\"name\":\"Specjalista ds. obs\u0142ugi klienta\"}]},{\"@type\":\"WebSite\",\"@id\":\"https:\/\/modernwaylogistics.pl\/#website\",\"url\":\"https:\/\/modernwaylogistics.pl\/\",\"name\":\"Modern Way\",\"description\":\"Modern Way Cross Border Logistics to mi\u0119dzynarodowy operator przyspieszonych poci\u0105g\u00f3w kontenerowych.\",\"potentialAction\":[{\"@type\":\"SearchAction\",\"target\":{\"@type\":\"EntryPoint\",\"urlTemplate\":\"https:\/\/modernwaylogistics.pl\/?s={search_term_string}\"},\"query-input\":{\"@type\":\"PropertyValueSpecification\",\"valueRequired\":true,\"valueName\":\"search_term_string\"}}],\"inLanguage\":\"en-US\"}]}<\/script>\n<!-- \/ Yoast SEO plugin. -->","yoast_head_json":{"title":"Specjalista ds. obs\u0142ugi klienta - Modern Way","description":"Jeste\u015bmy firm\u0105 specjalizuj\u0105c\u0105 si\u0119 w mi\u0119dzynarodowej logistyce kontenerowej. Szukamy osoby, kt\u00f3ra chce rozwija\u0107 si\u0119 w dynamicznym \u015brodowisku transportu multimodalnego, buduj\u0105c trwa\u0142e relacje z klientami i partnerami mi\u0119dzynarodowymi.","robots":{"index":"index","follow":"follow","max-snippet":"max-snippet:-1","max-image-preview":"max-image-preview:large","max-video-preview":"max-video-preview:-1"},"canonical":"https:\/\/modernwaylogistics.pl\/o-firmie\/vacancies\/specjalista-ds-obslugi-klienta-transport-kontenerowy-miedzynarodowy\/","og_locale":"en_US","og_type":"article","og_title":"Specjalista ds. obs\u0142ugi klienta - Modern Way","og_description":"Jeste\u015bmy firm\u0105 specjalizuj\u0105c\u0105 si\u0119 w mi\u0119dzynarodowej logistyce kontenerowej. Szukamy osoby, kt\u00f3ra chce rozwija\u0107 si\u0119 w dynamicznym \u015brodowisku transportu multimodalnego, buduj\u0105c trwa\u0142e relacje z klientami i partnerami mi\u0119dzynarodowymi.","og_url":"https:\/\/modernwaylogistics.pl\/o-firmie\/vacancies\/specjalista-ds-obslugi-klienta-transport-kontenerowy-miedzynarodowy\/","og_site_name":"Modern Way","article_modified_time":"2025-07-02T06:45:36+00:00","twitter_card":"summary_large_image","twitter_misc":{"Est. reading time":"2 minutes"},"schema":{"@context":"https:\/\/schema.org","@graph":[{"@type":"WebPage","@id":"https:\/\/modernwaylogistics.pl\/o-firmie\/vacancies\/specjalista-ds-obslugi-klienta-transport-kontenerowy-miedzynarodowy\/","url":"https:\/\/modernwaylogistics.pl\/o-firmie\/vacancies\/specjalista-ds-obslugi-klienta-transport-kontenerowy-miedzynarodowy\/","name":"Specjalista ds. obs\u0142ugi klienta - Modern Way","isPartOf":{"@id":"https:\/\/modernwaylogistics.pl\/#website"},"datePublished":"2025-05-02T12:30:57+00:00","dateModified":"2025-07-02T06:45:36+00:00","description":"Jeste\u015bmy firm\u0105 specjalizuj\u0105c\u0105 si\u0119 w mi\u0119dzynarodowej logistyce kontenerowej. Szukamy osoby, kt\u00f3ra chce rozwija\u0107 si\u0119 w dynamicznym \u015brodowisku transportu multimodalnego, buduj\u0105c trwa\u0142e relacje z klientami i partnerami mi\u0119dzynarodowymi.","breadcrumb":{"@id":"https:\/\/modernwaylogistics.pl\/o-firmie\/vacancies\/specjalista-ds-obslugi-klienta-transport-kontenerowy-miedzynarodowy\/#breadcrumb"},"inLanguage":"en-US","potentialAction":[{"@type":"ReadAction","target":["https:\/\/modernwaylogistics.pl\/o-firmie\/vacancies\/specjalista-ds-obslugi-klienta-transport-kontenerowy-miedzynarodowy\/"]}]},{"@type":"BreadcrumbList","@id":"https:\/\/modernwaylogistics.pl\/o-firmie\/vacancies\/specjalista-ds-obslugi-klienta-transport-kontenerowy-miedzynarodowy\/#breadcrumb","itemListElement":[{"@type":"ListItem","position":1,"name":"Strona g\u0142\u00f3wna","item":"https:\/\/modernwaylogistics.pl\/en\/sample-page\/"},{"@type":"ListItem","position":2,"name":"O firmie","item":"https:\/\/modernwaylogistics.pl\/o-firmie\/"},{"@type":"ListItem","position":3,"name":"Oferty pracy","item":"https:\/\/modernwaylogistics.pl\/o-firmie\/vacancies\/"},{"@type":"ListItem","position":4,"name":"Specjalista ds. obs\u0142ugi klienta"}]},{"@type":"WebSite","@id":"https:\/\/modernwaylogistics.pl\/#website","url":"https:\/\/modernwaylogistics.pl\/","name":"Modern Way","description":"Modern Way Cross Border Logistics to mi\u0119dzynarodowy operator przyspieszonych poci\u0105g\u00f3w kontenerowych.","potentialAction":[{"@type":"SearchAction","target":{"@type":"EntryPoint","urlTemplate":"https:\/\/modernwaylogistics.pl\/?s={search_term_string}"},"query-input":{"@type":"PropertyValueSpecification","valueRequired":true,"valueName":"search_term_string"}}],"inLanguage":"en-US"}]}},"_links":{"self":[{"href":"https:\/\/modernwaylogistics.pl\/en\/wp-json\/wp\/v2\/pages\/262","targetHints":{"allow":["GET"]}}],"collection":[{"href":"https:\/\/modernwaylogistics.pl\/en\/wp-json\/wp\/v2\/pages"}],"about":[{"href":"https:\/\/modernwaylogistics.pl\/en\/wp-json\/wp\/v2\/types\/page"}],"author":[{"embeddable":true,"href":"https:\/\/modernwaylogistics.pl\/en\/wp-json\/wp\/v2\/users\/1"}],"replies":[{"embeddable":true,"href":"https:\/\/modernwaylogistics.pl\/en\/wp-json\/wp\/v2\/comments?post=262"}],"version-history":[{"count":9,"href":"https:\/\/modernwaylogistics.pl\/en\/wp-json\/wp\/v2\/pages\/262\/revisions"}],"predecessor-version":[{"id":1154,"href":"https:\/\/modernwaylogistics.pl\/en\/wp-json\/wp\/v2\/pages\/262\/revisions\/1154"}],"up":[{"embeddable":true,"href":"https:\/\/modernwaylogistics.pl\/en\/wp-json\/wp\/v2\/pages\/259"}],"wp:attachment":[{"href":"https:\/\/modernwaylogistics.pl\/en\/wp-json\/wp\/v2\/media?parent=262"}],"curies":[{"name":"wp","href":"https:\/\/api.w.org\/{rel}","templated":true}]}}