{"id":499,"date":"2025-05-20T13:27:11","date_gmt":"2025-05-20T10:27:11","guid":{"rendered":"https:\/\/modernwaylogistics.pl\/?page_id=499"},"modified":"2025-05-21T14:50:24","modified_gmt":"2025-05-21T11:50:24","slug":"platnosci","status":"publish","type":"page","link":"https:\/\/modernwaylogistics.pl\/en\/o-firmie\/platnosci\/","title":{"rendered":"P\u0142atno\u015bci"},"content":{"rendered":"<p>P\u0142atno\u015bci za transport mog\u0105 by\u0107 realizowane w&nbsp;nast\u0119puj\u0105cych wariantach:<\/p>\n","protected":false},"excerpt":{"rendered":"<p>P\u0142atno\u015bci za transport mog\u0105 by\u0107 realizowane w&nbsp;nast\u0119puj\u0105cych wariantach:<\/p>\n","protected":false},"author":1,"featured_media":0,"parent":257,"menu_order":6,"comment_status":"closed","ping_status":"closed","template":"templates\/payment.php","meta":{"inline_featured_image":false,"wp_typography_post_enhancements_disabled":false,"footnotes":""},"class_list":["post-499","page","type-page","status-publish","hentry"],"acf":[],"yoast_head":"<!-- This site is optimized with the Yoast SEO plugin v25.7 - https:\/\/yoast.com\/wordpress\/plugins\/seo\/ -->\n<title>P\u0142atno\u015bci - Modern Way<\/title>\n<meta name=\"description\" content=\"Standardowy termin p\u0142atno\u015bci wynosi 10 dni od daty wystawienia faktury, jednak nie p\u00f3\u017aniej ni\u017c przed przybyciem kontenera\/\u0142adunku na stacj\u0119 lub do portu docelowego.\" \/>\n<meta name=\"robots\" content=\"index, follow, max-snippet:-1, max-image-preview:large, max-video-preview:-1\" \/>\n<link rel=\"canonical\" href=\"https:\/\/modernwaylogistics.pl\/o-firmie\/platnosci\/\" \/>\n<meta property=\"og:locale\" content=\"en_US\" \/>\n<meta property=\"og:type\" content=\"article\" \/>\n<meta property=\"og:title\" content=\"P\u0142atno\u015bci - Modern Way\" \/>\n<meta property=\"og:description\" content=\"Standardowy termin p\u0142atno\u015bci wynosi 10 dni od daty wystawienia faktury, jednak nie p\u00f3\u017aniej ni\u017c przed przybyciem kontenera\/\u0142adunku na stacj\u0119 lub do portu docelowego.\" \/>\n<meta property=\"og:url\" content=\"https:\/\/modernwaylogistics.pl\/o-firmie\/platnosci\/\" \/>\n<meta property=\"og:site_name\" content=\"Modern Way\" \/>\n<meta property=\"article:modified_time\" content=\"2025-05-21T11:50:24+00:00\" \/>\n<meta name=\"twitter:card\" content=\"summary_large_image\" \/>\n<meta name=\"twitter:label1\" content=\"Est. reading time\" \/>\n\t<meta name=\"twitter:data1\" content=\"1 minute\" \/>\n<script type=\"application\/ld+json\" class=\"yoast-schema-graph\">{\"@context\":\"https:\/\/schema.org\",\"@graph\":[{\"@type\":\"WebPage\",\"@id\":\"https:\/\/modernwaylogistics.pl\/o-firmie\/platnosci\/\",\"url\":\"https:\/\/modernwaylogistics.pl\/o-firmie\/platnosci\/\",\"name\":\"P\u0142atno\u015bci - Modern Way\",\"isPartOf\":{\"@id\":\"https:\/\/modernwaylogistics.pl\/#website\"},\"datePublished\":\"2025-05-20T10:27:11+00:00\",\"dateModified\":\"2025-05-21T11:50:24+00:00\",\"description\":\"Standardowy termin p\u0142atno\u015bci wynosi 10 dni od daty wystawienia faktury, jednak nie p\u00f3\u017aniej ni\u017c przed przybyciem kontenera\/\u0142adunku na stacj\u0119 lub do portu docelowego.\",\"breadcrumb\":{\"@id\":\"https:\/\/modernwaylogistics.pl\/o-firmie\/platnosci\/#breadcrumb\"},\"inLanguage\":\"en-US\",\"potentialAction\":[{\"@type\":\"ReadAction\",\"target\":[\"https:\/\/modernwaylogistics.pl\/o-firmie\/platnosci\/\"]}]},{\"@type\":\"BreadcrumbList\",\"@id\":\"https:\/\/modernwaylogistics.pl\/o-firmie\/platnosci\/#breadcrumb\",\"itemListElement\":[{\"@type\":\"ListItem\",\"position\":1,\"name\":\"Strona g\u0142\u00f3wna\",\"item\":\"https:\/\/modernwaylogistics.pl\/en\/sample-page\/\"},{\"@type\":\"ListItem\",\"position\":2,\"name\":\"O firmie\",\"item\":\"https:\/\/modernwaylogistics.pl\/o-firmie\/\"},{\"@type\":\"ListItem\",\"position\":3,\"name\":\"P\u0142atno\u015bci\"}]},{\"@type\":\"WebSite\",\"@id\":\"https:\/\/modernwaylogistics.pl\/#website\",\"url\":\"https:\/\/modernwaylogistics.pl\/\",\"name\":\"Modern Way\",\"description\":\"Modern Way Cross Border Logistics to mi\u0119dzynarodowy operator przyspieszonych poci\u0105g\u00f3w kontenerowych.\",\"potentialAction\":[{\"@type\":\"SearchAction\",\"target\":{\"@type\":\"EntryPoint\",\"urlTemplate\":\"https:\/\/modernwaylogistics.pl\/?s={search_term_string}\"},\"query-input\":{\"@type\":\"PropertyValueSpecification\",\"valueRequired\":true,\"valueName\":\"search_term_string\"}}],\"inLanguage\":\"en-US\"}]}<\/script>\n<!-- \/ Yoast SEO plugin. -->","yoast_head_json":{"title":"P\u0142atno\u015bci - Modern Way","description":"Standardowy termin p\u0142atno\u015bci wynosi 10 dni od daty wystawienia faktury, jednak nie p\u00f3\u017aniej ni\u017c przed przybyciem kontenera\/\u0142adunku na stacj\u0119 lub do portu docelowego.","robots":{"index":"index","follow":"follow","max-snippet":"max-snippet:-1","max-image-preview":"max-image-preview:large","max-video-preview":"max-video-preview:-1"},"canonical":"https:\/\/modernwaylogistics.pl\/o-firmie\/platnosci\/","og_locale":"en_US","og_type":"article","og_title":"P\u0142atno\u015bci - Modern Way","og_description":"Standardowy termin p\u0142atno\u015bci wynosi 10 dni od daty wystawienia faktury, jednak nie p\u00f3\u017aniej ni\u017c przed przybyciem kontenera\/\u0142adunku na stacj\u0119 lub do portu docelowego.","og_url":"https:\/\/modernwaylogistics.pl\/o-firmie\/platnosci\/","og_site_name":"Modern Way","article_modified_time":"2025-05-21T11:50:24+00:00","twitter_card":"summary_large_image","twitter_misc":{"Est. reading time":"1 minute"},"schema":{"@context":"https:\/\/schema.org","@graph":[{"@type":"WebPage","@id":"https:\/\/modernwaylogistics.pl\/o-firmie\/platnosci\/","url":"https:\/\/modernwaylogistics.pl\/o-firmie\/platnosci\/","name":"P\u0142atno\u015bci - Modern Way","isPartOf":{"@id":"https:\/\/modernwaylogistics.pl\/#website"},"datePublished":"2025-05-20T10:27:11+00:00","dateModified":"2025-05-21T11:50:24+00:00","description":"Standardowy termin p\u0142atno\u015bci wynosi 10 dni od daty wystawienia faktury, jednak nie p\u00f3\u017aniej ni\u017c przed przybyciem kontenera\/\u0142adunku na stacj\u0119 lub do portu docelowego.","breadcrumb":{"@id":"https:\/\/modernwaylogistics.pl\/o-firmie\/platnosci\/#breadcrumb"},"inLanguage":"en-US","potentialAction":[{"@type":"ReadAction","target":["https:\/\/modernwaylogistics.pl\/o-firmie\/platnosci\/"]}]},{"@type":"BreadcrumbList","@id":"https:\/\/modernwaylogistics.pl\/o-firmie\/platnosci\/#breadcrumb","itemListElement":[{"@type":"ListItem","position":1,"name":"Strona g\u0142\u00f3wna","item":"https:\/\/modernwaylogistics.pl\/en\/sample-page\/"},{"@type":"ListItem","position":2,"name":"O firmie","item":"https:\/\/modernwaylogistics.pl\/o-firmie\/"},{"@type":"ListItem","position":3,"name":"P\u0142atno\u015bci"}]},{"@type":"WebSite","@id":"https:\/\/modernwaylogistics.pl\/#website","url":"https:\/\/modernwaylogistics.pl\/","name":"Modern Way","description":"Modern Way Cross Border Logistics to mi\u0119dzynarodowy operator przyspieszonych poci\u0105g\u00f3w kontenerowych.","potentialAction":[{"@type":"SearchAction","target":{"@type":"EntryPoint","urlTemplate":"https:\/\/modernwaylogistics.pl\/?s={search_term_string}"},"query-input":{"@type":"PropertyValueSpecification","valueRequired":true,"valueName":"search_term_string"}}],"inLanguage":"en-US"}]}},"_links":{"self":[{"href":"https:\/\/modernwaylogistics.pl\/en\/wp-json\/wp\/v2\/pages\/499","targetHints":{"allow":["GET"]}}],"collection":[{"href":"https:\/\/modernwaylogistics.pl\/en\/wp-json\/wp\/v2\/pages"}],"about":[{"href":"https:\/\/modernwaylogistics.pl\/en\/wp-json\/wp\/v2\/types\/page"}],"author":[{"embeddable":true,"href":"https:\/\/modernwaylogistics.pl\/en\/wp-json\/wp\/v2\/users\/1"}],"replies":[{"embeddable":true,"href":"https:\/\/modernwaylogistics.pl\/en\/wp-json\/wp\/v2\/comments?post=499"}],"version-history":[{"count":2,"href":"https:\/\/modernwaylogistics.pl\/en\/wp-json\/wp\/v2\/pages\/499\/revisions"}],"predecessor-version":[{"id":510,"href":"https:\/\/modernwaylogistics.pl\/en\/wp-json\/wp\/v2\/pages\/499\/revisions\/510"}],"up":[{"embeddable":true,"href":"https:\/\/modernwaylogistics.pl\/en\/wp-json\/wp\/v2\/pages\/257"}],"wp:attachment":[{"href":"https:\/\/modernwaylogistics.pl\/en\/wp-json\/wp\/v2\/media?parent=499"}],"curies":[{"name":"wp","href":"https:\/\/api.w.org\/{rel}","templated":true}]}}