{"id":516,"date":"2025-05-21T15:06:59","date_gmt":"2025-05-21T12:06:59","guid":{"rendered":"https:\/\/modernwaylogistics.pl\/?page_id=516"},"modified":"2025-06-25T12:09:01","modified_gmt":"2025-06-25T09:09:01","slug":"faq","status":"publish","type":"page","link":"https:\/\/modernwaylogistics.pl\/en\/o-firmie\/faq\/","title":{"rendered":"FAQ"},"content":{"rendered":"","protected":false},"excerpt":{"rendered":"","protected":false},"author":1,"featured_media":0,"parent":257,"menu_order":5,"comment_status":"closed","ping_status":"closed","template":"templates\/faq.php","meta":{"inline_featured_image":false,"wp_typography_post_enhancements_disabled":false,"footnotes":""},"class_list":["post-516","page","type-page","status-publish","hentry"],"acf":[],"yoast_head":"<!-- This site is optimized with the Yoast SEO plugin v25.7 - https:\/\/yoast.com\/wordpress\/plugins\/seo\/ -->\n<title>Najcz\u0119\u015bciej zadawane pytania (FAQ) - Modern Way<\/title>\n<meta name=\"description\" content=\"Ceny oraz terminy dostaw ustalane s\u0105 indywidualnie i zale\u017c\u0105 od typu, wagi, gabaryt\u00f3w \u0142adunku, specjalnych wymaga\u0144 przewozowych (np. \u0142adunki delikatne, konieczno\u015b\u0107 utrzymania odpowiedniej temperatury), koszt\u00f3w odpraw celnych, wybranej trasy oraz formy transportu.\" \/>\n<meta name=\"robots\" content=\"index, follow, max-snippet:-1, max-image-preview:large, max-video-preview:-1\" \/>\n<link rel=\"canonical\" href=\"https:\/\/modernwaylogistics.pl\/o-firmie\/faq\/\" \/>\n<meta property=\"og:locale\" content=\"en_US\" \/>\n<meta property=\"og:type\" content=\"article\" \/>\n<meta property=\"og:title\" content=\"Najcz\u0119\u015bciej zadawane pytania (FAQ) - Modern Way\" \/>\n<meta property=\"og:description\" content=\"Ceny oraz terminy dostaw ustalane s\u0105 indywidualnie i zale\u017c\u0105 od typu, wagi, gabaryt\u00f3w \u0142adunku, specjalnych wymaga\u0144 przewozowych (np. \u0142adunki delikatne, konieczno\u015b\u0107 utrzymania odpowiedniej temperatury), koszt\u00f3w odpraw celnych, wybranej trasy oraz formy transportu.\" \/>\n<meta property=\"og:url\" content=\"https:\/\/modernwaylogistics.pl\/o-firmie\/faq\/\" \/>\n<meta property=\"og:site_name\" content=\"Modern Way\" \/>\n<meta property=\"article:modified_time\" content=\"2025-06-25T09:09:01+00:00\" \/>\n<meta name=\"twitter:card\" content=\"summary_large_image\" \/>\n<script type=\"application\/ld+json\" class=\"yoast-schema-graph\">{\"@context\":\"https:\/\/schema.org\",\"@graph\":[{\"@type\":\"WebPage\",\"@id\":\"https:\/\/modernwaylogistics.pl\/o-firmie\/faq\/\",\"url\":\"https:\/\/modernwaylogistics.pl\/o-firmie\/faq\/\",\"name\":\"Najcz\u0119\u015bciej zadawane pytania (FAQ) - Modern Way\",\"isPartOf\":{\"@id\":\"https:\/\/modernwaylogistics.pl\/#website\"},\"datePublished\":\"2025-05-21T12:06:59+00:00\",\"dateModified\":\"2025-06-25T09:09:01+00:00\",\"description\":\"Ceny oraz terminy dostaw ustalane s\u0105 indywidualnie i zale\u017c\u0105 od typu, wagi, gabaryt\u00f3w \u0142adunku, specjalnych wymaga\u0144 przewozowych (np. \u0142adunki delikatne, konieczno\u015b\u0107 utrzymania odpowiedniej temperatury), koszt\u00f3w odpraw celnych, wybranej trasy oraz formy transportu.\",\"breadcrumb\":{\"@id\":\"https:\/\/modernwaylogistics.pl\/o-firmie\/faq\/#breadcrumb\"},\"inLanguage\":\"en-US\",\"potentialAction\":[{\"@type\":\"ReadAction\",\"target\":[\"https:\/\/modernwaylogistics.pl\/o-firmie\/faq\/\"]}]},{\"@type\":\"BreadcrumbList\",\"@id\":\"https:\/\/modernwaylogistics.pl\/o-firmie\/faq\/#breadcrumb\",\"itemListElement\":[{\"@type\":\"ListItem\",\"position\":1,\"name\":\"Strona g\u0142\u00f3wna\",\"item\":\"https:\/\/modernwaylogistics.pl\/en\/sample-page\/\"},{\"@type\":\"ListItem\",\"position\":2,\"name\":\"O firmie\",\"item\":\"https:\/\/modernwaylogistics.pl\/o-firmie\/\"},{\"@type\":\"ListItem\",\"position\":3,\"name\":\"FAQ\"}]},{\"@type\":\"WebSite\",\"@id\":\"https:\/\/modernwaylogistics.pl\/#website\",\"url\":\"https:\/\/modernwaylogistics.pl\/\",\"name\":\"Modern Way\",\"description\":\"Modern Way Cross Border Logistics to mi\u0119dzynarodowy operator przyspieszonych poci\u0105g\u00f3w kontenerowych.\",\"potentialAction\":[{\"@type\":\"SearchAction\",\"target\":{\"@type\":\"EntryPoint\",\"urlTemplate\":\"https:\/\/modernwaylogistics.pl\/?s={search_term_string}\"},\"query-input\":{\"@type\":\"PropertyValueSpecification\",\"valueRequired\":true,\"valueName\":\"search_term_string\"}}],\"inLanguage\":\"en-US\"}]}<\/script>\n<!-- \/ Yoast SEO plugin. -->","yoast_head_json":{"title":"Najcz\u0119\u015bciej zadawane pytania (FAQ) - Modern Way","description":"Ceny oraz terminy dostaw ustalane s\u0105 indywidualnie i zale\u017c\u0105 od typu, wagi, gabaryt\u00f3w \u0142adunku, specjalnych wymaga\u0144 przewozowych (np. \u0142adunki delikatne, konieczno\u015b\u0107 utrzymania odpowiedniej temperatury), koszt\u00f3w odpraw celnych, wybranej trasy oraz formy transportu.","robots":{"index":"index","follow":"follow","max-snippet":"max-snippet:-1","max-image-preview":"max-image-preview:large","max-video-preview":"max-video-preview:-1"},"canonical":"https:\/\/modernwaylogistics.pl\/o-firmie\/faq\/","og_locale":"en_US","og_type":"article","og_title":"Najcz\u0119\u015bciej zadawane pytania (FAQ) - Modern Way","og_description":"Ceny oraz terminy dostaw ustalane s\u0105 indywidualnie i zale\u017c\u0105 od typu, wagi, gabaryt\u00f3w \u0142adunku, specjalnych wymaga\u0144 przewozowych (np. \u0142adunki delikatne, konieczno\u015b\u0107 utrzymania odpowiedniej temperatury), koszt\u00f3w odpraw celnych, wybranej trasy oraz formy transportu.","og_url":"https:\/\/modernwaylogistics.pl\/o-firmie\/faq\/","og_site_name":"Modern Way","article_modified_time":"2025-06-25T09:09:01+00:00","twitter_card":"summary_large_image","schema":{"@context":"https:\/\/schema.org","@graph":[{"@type":"WebPage","@id":"https:\/\/modernwaylogistics.pl\/o-firmie\/faq\/","url":"https:\/\/modernwaylogistics.pl\/o-firmie\/faq\/","name":"Najcz\u0119\u015bciej zadawane pytania (FAQ) - Modern Way","isPartOf":{"@id":"https:\/\/modernwaylogistics.pl\/#website"},"datePublished":"2025-05-21T12:06:59+00:00","dateModified":"2025-06-25T09:09:01+00:00","description":"Ceny oraz terminy dostaw ustalane s\u0105 indywidualnie i zale\u017c\u0105 od typu, wagi, gabaryt\u00f3w \u0142adunku, specjalnych wymaga\u0144 przewozowych (np. \u0142adunki delikatne, konieczno\u015b\u0107 utrzymania odpowiedniej temperatury), koszt\u00f3w odpraw celnych, wybranej trasy oraz formy transportu.","breadcrumb":{"@id":"https:\/\/modernwaylogistics.pl\/o-firmie\/faq\/#breadcrumb"},"inLanguage":"en-US","potentialAction":[{"@type":"ReadAction","target":["https:\/\/modernwaylogistics.pl\/o-firmie\/faq\/"]}]},{"@type":"BreadcrumbList","@id":"https:\/\/modernwaylogistics.pl\/o-firmie\/faq\/#breadcrumb","itemListElement":[{"@type":"ListItem","position":1,"name":"Strona g\u0142\u00f3wna","item":"https:\/\/modernwaylogistics.pl\/en\/sample-page\/"},{"@type":"ListItem","position":2,"name":"O firmie","item":"https:\/\/modernwaylogistics.pl\/o-firmie\/"},{"@type":"ListItem","position":3,"name":"FAQ"}]},{"@type":"WebSite","@id":"https:\/\/modernwaylogistics.pl\/#website","url":"https:\/\/modernwaylogistics.pl\/","name":"Modern Way","description":"Modern Way Cross Border Logistics to mi\u0119dzynarodowy operator przyspieszonych poci\u0105g\u00f3w kontenerowych.","potentialAction":[{"@type":"SearchAction","target":{"@type":"EntryPoint","urlTemplate":"https:\/\/modernwaylogistics.pl\/?s={search_term_string}"},"query-input":{"@type":"PropertyValueSpecification","valueRequired":true,"valueName":"search_term_string"}}],"inLanguage":"en-US"}]}},"_links":{"self":[{"href":"https:\/\/modernwaylogistics.pl\/en\/wp-json\/wp\/v2\/pages\/516","targetHints":{"allow":["GET"]}}],"collection":[{"href":"https:\/\/modernwaylogistics.pl\/en\/wp-json\/wp\/v2\/pages"}],"about":[{"href":"https:\/\/modernwaylogistics.pl\/en\/wp-json\/wp\/v2\/types\/page"}],"author":[{"embeddable":true,"href":"https:\/\/modernwaylogistics.pl\/en\/wp-json\/wp\/v2\/users\/1"}],"replies":[{"embeddable":true,"href":"https:\/\/modernwaylogistics.pl\/en\/wp-json\/wp\/v2\/comments?post=516"}],"version-history":[{"count":5,"href":"https:\/\/modernwaylogistics.pl\/en\/wp-json\/wp\/v2\/pages\/516\/revisions"}],"predecessor-version":[{"id":968,"href":"https:\/\/modernwaylogistics.pl\/en\/wp-json\/wp\/v2\/pages\/516\/revisions\/968"}],"up":[{"embeddable":true,"href":"https:\/\/modernwaylogistics.pl\/en\/wp-json\/wp\/v2\/pages\/257"}],"wp:attachment":[{"href":"https:\/\/modernwaylogistics.pl\/en\/wp-json\/wp\/v2\/media?parent=516"}],"curies":[{"name":"wp","href":"https:\/\/api.w.org\/{rel}","templated":true}]}}