{"id":533,"date":"2025-05-21T18:47:32","date_gmt":"2025-05-21T15:47:32","guid":{"rendered":"https:\/\/modernwaylogistics.pl\/?page_id=533"},"modified":"2025-05-21T19:02:23","modified_gmt":"2025-05-21T16:02:23","slug":"centrum-informacji","status":"publish","type":"page","link":"https:\/\/modernwaylogistics.pl\/en\/centrum-informacji\/","title":{"rendered":"Centrum informacji"},"content":{"rendered":"<p>W tym dziale zebrali\u015bmy kluczowe informacje, kt\u00f3re mog\u0105 by\u0107 przydatne podczas organizacji mi\u0119dzynarodowego transportu towar\u00f3w, odpraw celnych i&nbsp;wsp\u00f3\u0142pracy z&nbsp;zagranicznymi kontrahentami.<\/p>\n","protected":false},"excerpt":{"rendered":"<p>W tym dziale zebrali\u015bmy kluczowe informacje, kt\u00f3re mog\u0105 by\u0107 przydatne podczas organizacji mi\u0119dzynarodowego transportu towar\u00f3w, odpraw celnych i&nbsp;wsp\u00f3\u0142pracy z&nbsp;zagranicznymi kontrahentami.<\/p>\n","protected":false},"author":1,"featured_media":0,"parent":0,"menu_order":0,"comment_status":"closed","ping_status":"closed","template":"templates\/reference.php","meta":{"inline_featured_image":false,"wp_typography_post_enhancements_disabled":false,"footnotes":""},"class_list":["post-533","page","type-page","status-publish","hentry"],"acf":[],"yoast_head":"<!-- This site is optimized with the Yoast SEO plugin v25.7 - https:\/\/yoast.com\/wordpress\/plugins\/seo\/ -->\n<title>Centrum informacji Modern Way - Modern Way<\/title>\n<meta name=\"description\" content=\"W tym dziale zebrali\u015bmy kluczowe informacje, kt\u00f3re mog\u0105 by\u0107 przydatne podczas organizacji mi\u0119dzynarodowego transportu towar\u00f3w, odpraw celnych i wsp\u00f3\u0142pracy z zagranicznymi kontrahentami.\" \/>\n<meta name=\"robots\" content=\"index, follow, max-snippet:-1, max-image-preview:large, max-video-preview:-1\" \/>\n<link rel=\"canonical\" href=\"https:\/\/modernwaylogistics.pl\/centrum-informacji\/\" \/>\n<meta property=\"og:locale\" content=\"en_US\" \/>\n<meta property=\"og:type\" content=\"article\" \/>\n<meta property=\"og:title\" content=\"Centrum informacji Modern Way - Modern Way\" \/>\n<meta property=\"og:description\" content=\"W tym dziale zebrali\u015bmy kluczowe informacje, kt\u00f3re mog\u0105 by\u0107 przydatne podczas organizacji mi\u0119dzynarodowego transportu towar\u00f3w, odpraw celnych i wsp\u00f3\u0142pracy z zagranicznymi kontrahentami.\" \/>\n<meta property=\"og:url\" content=\"https:\/\/modernwaylogistics.pl\/centrum-informacji\/\" \/>\n<meta property=\"og:site_name\" content=\"Modern Way\" \/>\n<meta property=\"article:modified_time\" content=\"2025-05-21T16:02:23+00:00\" \/>\n<meta name=\"twitter:card\" content=\"summary_large_image\" \/>\n<meta name=\"twitter:label1\" content=\"Est. reading time\" \/>\n\t<meta name=\"twitter:data1\" content=\"1 minute\" \/>\n<script type=\"application\/ld+json\" class=\"yoast-schema-graph\">{\"@context\":\"https:\/\/schema.org\",\"@graph\":[{\"@type\":\"WebPage\",\"@id\":\"https:\/\/modernwaylogistics.pl\/centrum-informacji\/\",\"url\":\"https:\/\/modernwaylogistics.pl\/centrum-informacji\/\",\"name\":\"Centrum informacji Modern Way - Modern Way\",\"isPartOf\":{\"@id\":\"https:\/\/modernwaylogistics.pl\/#website\"},\"datePublished\":\"2025-05-21T15:47:32+00:00\",\"dateModified\":\"2025-05-21T16:02:23+00:00\",\"description\":\"W tym dziale zebrali\u015bmy kluczowe informacje, kt\u00f3re mog\u0105 by\u0107 przydatne podczas organizacji mi\u0119dzynarodowego transportu towar\u00f3w, odpraw celnych i wsp\u00f3\u0142pracy z zagranicznymi kontrahentami.\",\"breadcrumb\":{\"@id\":\"https:\/\/modernwaylogistics.pl\/centrum-informacji\/#breadcrumb\"},\"inLanguage\":\"en-US\",\"potentialAction\":[{\"@type\":\"ReadAction\",\"target\":[\"https:\/\/modernwaylogistics.pl\/centrum-informacji\/\"]}]},{\"@type\":\"BreadcrumbList\",\"@id\":\"https:\/\/modernwaylogistics.pl\/centrum-informacji\/#breadcrumb\",\"itemListElement\":[{\"@type\":\"ListItem\",\"position\":1,\"name\":\"Strona g\u0142\u00f3wna\",\"item\":\"https:\/\/modernwaylogistics.pl\/en\/sample-page\/\"},{\"@type\":\"ListItem\",\"position\":2,\"name\":\"Centrum informacji\"}]},{\"@type\":\"WebSite\",\"@id\":\"https:\/\/modernwaylogistics.pl\/#website\",\"url\":\"https:\/\/modernwaylogistics.pl\/\",\"name\":\"Modern Way\",\"description\":\"Modern Way Cross Border Logistics to mi\u0119dzynarodowy operator przyspieszonych poci\u0105g\u00f3w kontenerowych.\",\"potentialAction\":[{\"@type\":\"SearchAction\",\"target\":{\"@type\":\"EntryPoint\",\"urlTemplate\":\"https:\/\/modernwaylogistics.pl\/?s={search_term_string}\"},\"query-input\":{\"@type\":\"PropertyValueSpecification\",\"valueRequired\":true,\"valueName\":\"search_term_string\"}}],\"inLanguage\":\"en-US\"}]}<\/script>\n<!-- \/ Yoast SEO plugin. -->","yoast_head_json":{"title":"Centrum informacji Modern Way - Modern Way","description":"W tym dziale zebrali\u015bmy kluczowe informacje, kt\u00f3re mog\u0105 by\u0107 przydatne podczas organizacji mi\u0119dzynarodowego transportu towar\u00f3w, odpraw celnych i wsp\u00f3\u0142pracy z zagranicznymi kontrahentami.","robots":{"index":"index","follow":"follow","max-snippet":"max-snippet:-1","max-image-preview":"max-image-preview:large","max-video-preview":"max-video-preview:-1"},"canonical":"https:\/\/modernwaylogistics.pl\/centrum-informacji\/","og_locale":"en_US","og_type":"article","og_title":"Centrum informacji Modern Way - Modern Way","og_description":"W tym dziale zebrali\u015bmy kluczowe informacje, kt\u00f3re mog\u0105 by\u0107 przydatne podczas organizacji mi\u0119dzynarodowego transportu towar\u00f3w, odpraw celnych i wsp\u00f3\u0142pracy z zagranicznymi kontrahentami.","og_url":"https:\/\/modernwaylogistics.pl\/centrum-informacji\/","og_site_name":"Modern Way","article_modified_time":"2025-05-21T16:02:23+00:00","twitter_card":"summary_large_image","twitter_misc":{"Est. reading time":"1 minute"},"schema":{"@context":"https:\/\/schema.org","@graph":[{"@type":"WebPage","@id":"https:\/\/modernwaylogistics.pl\/centrum-informacji\/","url":"https:\/\/modernwaylogistics.pl\/centrum-informacji\/","name":"Centrum informacji Modern Way - Modern Way","isPartOf":{"@id":"https:\/\/modernwaylogistics.pl\/#website"},"datePublished":"2025-05-21T15:47:32+00:00","dateModified":"2025-05-21T16:02:23+00:00","description":"W tym dziale zebrali\u015bmy kluczowe informacje, kt\u00f3re mog\u0105 by\u0107 przydatne podczas organizacji mi\u0119dzynarodowego transportu towar\u00f3w, odpraw celnych i wsp\u00f3\u0142pracy z zagranicznymi kontrahentami.","breadcrumb":{"@id":"https:\/\/modernwaylogistics.pl\/centrum-informacji\/#breadcrumb"},"inLanguage":"en-US","potentialAction":[{"@type":"ReadAction","target":["https:\/\/modernwaylogistics.pl\/centrum-informacji\/"]}]},{"@type":"BreadcrumbList","@id":"https:\/\/modernwaylogistics.pl\/centrum-informacji\/#breadcrumb","itemListElement":[{"@type":"ListItem","position":1,"name":"Strona g\u0142\u00f3wna","item":"https:\/\/modernwaylogistics.pl\/en\/sample-page\/"},{"@type":"ListItem","position":2,"name":"Centrum informacji"}]},{"@type":"WebSite","@id":"https:\/\/modernwaylogistics.pl\/#website","url":"https:\/\/modernwaylogistics.pl\/","name":"Modern Way","description":"Modern Way Cross Border Logistics to mi\u0119dzynarodowy operator przyspieszonych poci\u0105g\u00f3w kontenerowych.","potentialAction":[{"@type":"SearchAction","target":{"@type":"EntryPoint","urlTemplate":"https:\/\/modernwaylogistics.pl\/?s={search_term_string}"},"query-input":{"@type":"PropertyValueSpecification","valueRequired":true,"valueName":"search_term_string"}}],"inLanguage":"en-US"}]}},"_links":{"self":[{"href":"https:\/\/modernwaylogistics.pl\/en\/wp-json\/wp\/v2\/pages\/533","targetHints":{"allow":["GET"]}}],"collection":[{"href":"https:\/\/modernwaylogistics.pl\/en\/wp-json\/wp\/v2\/pages"}],"about":[{"href":"https:\/\/modernwaylogistics.pl\/en\/wp-json\/wp\/v2\/types\/page"}],"author":[{"embeddable":true,"href":"https:\/\/modernwaylogistics.pl\/en\/wp-json\/wp\/v2\/users\/1"}],"replies":[{"embeddable":true,"href":"https:\/\/modernwaylogistics.pl\/en\/wp-json\/wp\/v2\/comments?post=533"}],"version-history":[{"count":2,"href":"https:\/\/modernwaylogistics.pl\/en\/wp-json\/wp\/v2\/pages\/533\/revisions"}],"predecessor-version":[{"id":548,"href":"https:\/\/modernwaylogistics.pl\/en\/wp-json\/wp\/v2\/pages\/533\/revisions\/548"}],"wp:attachment":[{"href":"https:\/\/modernwaylogistics.pl\/en\/wp-json\/wp\/v2\/media?parent=533"}],"curies":[{"name":"wp","href":"https:\/\/api.w.org\/{rel}","templated":true}]}}