{"id":535,"date":"2025-05-21T18:48:57","date_gmt":"2025-05-21T15:48:57","guid":{"rendered":"https:\/\/modernwaylogistics.pl\/?page_id=535"},"modified":"2025-06-28T15:22:56","modified_gmt":"2025-06-28T12:22:56","slug":"rodzaje-certyfikatow","status":"publish","type":"page","link":"https:\/\/modernwaylogistics.pl\/en\/centrum-informacji\/rodzaje-certyfikatow\/","title":{"rendered":"Rodzaje certyfikat\u00f3w"},"content":{"rendered":"<p>W transporcie mi\u0119dzynarodowym i&nbsp;handlu zagranicznym r\u00f3\u017cnego rodzaju certyfikaty odgrywaj\u0105 kluczow\u0105 rol\u0119.<\/p>\n<p>Umo\u017cliwiaj\u0105 one odpraw\u0119 celn\u0105, gwarantuj\u0105 bezpiecze\u0144stwo towar\u00f3w i&nbsp;potwierdzaj\u0105 zgodno\u015b\u0107 z&nbsp;przepisami obowi\u0105zuj\u0105cymi w&nbsp;kraju importu.<\/p>\n","protected":false},"excerpt":{"rendered":"<p>W transporcie mi\u0119dzynarodowym i&nbsp;handlu zagranicznym r\u00f3\u017cnego rodzaju certyfikaty odgrywaj\u0105 kluczow\u0105 rol\u0119. Umo\u017cliwiaj\u0105 one odpraw\u0119 celn\u0105, gwarantuj\u0105 bezpiecze\u0144stwo towar\u00f3w i&nbsp;potwierdzaj\u0105 zgodno\u015b\u0107 z&nbsp;przepisami obowi\u0105zuj\u0105cymi w&nbsp;kraju importu.<\/p>\n","protected":false},"author":1,"featured_media":0,"parent":533,"menu_order":3,"comment_status":"closed","ping_status":"closed","template":"templates\/reference-var1.php","meta":{"inline_featured_image":false,"wp_typography_post_enhancements_disabled":false,"footnotes":""},"class_list":["post-535","page","type-page","status-publish","hentry"],"acf":[],"yoast_head":"<!-- This site is optimized with the Yoast SEO plugin v25.7 - https:\/\/yoast.com\/wordpress\/plugins\/seo\/ -->\n<title>Rodzaje certyfikat\u00f3w w handlu mi\u0119dzynarodowym - Modern Way<\/title>\n<meta name=\"description\" content=\"W transporcie mi\u0119dzynarodowym i handlu zagranicznym r\u00f3\u017cnego rodzaju certyfikaty odgrywaj\u0105 kluczow\u0105 rol\u0119.\" \/>\n<meta name=\"robots\" content=\"index, follow, max-snippet:-1, max-image-preview:large, max-video-preview:-1\" \/>\n<link rel=\"canonical\" href=\"https:\/\/modernwaylogistics.pl\/centrum-informacji\/rodzaje-certyfikatow\/\" \/>\n<meta property=\"og:locale\" content=\"en_US\" \/>\n<meta property=\"og:type\" content=\"article\" \/>\n<meta property=\"og:title\" content=\"Rodzaje certyfikat\u00f3w w handlu mi\u0119dzynarodowym - Modern Way\" \/>\n<meta property=\"og:description\" content=\"W transporcie mi\u0119dzynarodowym i handlu zagranicznym r\u00f3\u017cnego rodzaju certyfikaty odgrywaj\u0105 kluczow\u0105 rol\u0119.\" \/>\n<meta property=\"og:url\" content=\"https:\/\/modernwaylogistics.pl\/centrum-informacji\/rodzaje-certyfikatow\/\" \/>\n<meta property=\"og:site_name\" content=\"Modern Way\" \/>\n<meta property=\"article:modified_time\" content=\"2025-06-28T12:22:56+00:00\" \/>\n<meta name=\"twitter:card\" content=\"summary_large_image\" \/>\n<meta name=\"twitter:label1\" content=\"Est. reading time\" \/>\n\t<meta name=\"twitter:data1\" content=\"1 minute\" \/>\n<script type=\"application\/ld+json\" class=\"yoast-schema-graph\">{\"@context\":\"https:\/\/schema.org\",\"@graph\":[{\"@type\":\"WebPage\",\"@id\":\"https:\/\/modernwaylogistics.pl\/centrum-informacji\/rodzaje-certyfikatow\/\",\"url\":\"https:\/\/modernwaylogistics.pl\/centrum-informacji\/rodzaje-certyfikatow\/\",\"name\":\"Rodzaje certyfikat\u00f3w w handlu mi\u0119dzynarodowym - Modern Way\",\"isPartOf\":{\"@id\":\"https:\/\/modernwaylogistics.pl\/#website\"},\"datePublished\":\"2025-05-21T15:48:57+00:00\",\"dateModified\":\"2025-06-28T12:22:56+00:00\",\"description\":\"W transporcie mi\u0119dzynarodowym i handlu zagranicznym r\u00f3\u017cnego rodzaju certyfikaty odgrywaj\u0105 kluczow\u0105 rol\u0119.\",\"breadcrumb\":{\"@id\":\"https:\/\/modernwaylogistics.pl\/centrum-informacji\/rodzaje-certyfikatow\/#breadcrumb\"},\"inLanguage\":\"en-US\",\"potentialAction\":[{\"@type\":\"ReadAction\",\"target\":[\"https:\/\/modernwaylogistics.pl\/centrum-informacji\/rodzaje-certyfikatow\/\"]}]},{\"@type\":\"BreadcrumbList\",\"@id\":\"https:\/\/modernwaylogistics.pl\/centrum-informacji\/rodzaje-certyfikatow\/#breadcrumb\",\"itemListElement\":[{\"@type\":\"ListItem\",\"position\":1,\"name\":\"Strona g\u0142\u00f3wna\",\"item\":\"https:\/\/modernwaylogistics.pl\/en\/sample-page\/\"},{\"@type\":\"ListItem\",\"position\":2,\"name\":\"Centrum informacji\",\"item\":\"https:\/\/modernwaylogistics.pl\/centrum-informacji\/\"},{\"@type\":\"ListItem\",\"position\":3,\"name\":\"Rodzaje certyfikat\u00f3w\"}]},{\"@type\":\"WebSite\",\"@id\":\"https:\/\/modernwaylogistics.pl\/#website\",\"url\":\"https:\/\/modernwaylogistics.pl\/\",\"name\":\"Modern Way\",\"description\":\"Modern Way Cross Border Logistics to mi\u0119dzynarodowy operator przyspieszonych poci\u0105g\u00f3w kontenerowych.\",\"potentialAction\":[{\"@type\":\"SearchAction\",\"target\":{\"@type\":\"EntryPoint\",\"urlTemplate\":\"https:\/\/modernwaylogistics.pl\/?s={search_term_string}\"},\"query-input\":{\"@type\":\"PropertyValueSpecification\",\"valueRequired\":true,\"valueName\":\"search_term_string\"}}],\"inLanguage\":\"en-US\"}]}<\/script>\n<!-- \/ Yoast SEO plugin. -->","yoast_head_json":{"title":"Rodzaje certyfikat\u00f3w w handlu mi\u0119dzynarodowym - Modern Way","description":"W transporcie mi\u0119dzynarodowym i handlu zagranicznym r\u00f3\u017cnego rodzaju certyfikaty odgrywaj\u0105 kluczow\u0105 rol\u0119.","robots":{"index":"index","follow":"follow","max-snippet":"max-snippet:-1","max-image-preview":"max-image-preview:large","max-video-preview":"max-video-preview:-1"},"canonical":"https:\/\/modernwaylogistics.pl\/centrum-informacji\/rodzaje-certyfikatow\/","og_locale":"en_US","og_type":"article","og_title":"Rodzaje certyfikat\u00f3w w handlu mi\u0119dzynarodowym - Modern Way","og_description":"W transporcie mi\u0119dzynarodowym i handlu zagranicznym r\u00f3\u017cnego rodzaju certyfikaty odgrywaj\u0105 kluczow\u0105 rol\u0119.","og_url":"https:\/\/modernwaylogistics.pl\/centrum-informacji\/rodzaje-certyfikatow\/","og_site_name":"Modern Way","article_modified_time":"2025-06-28T12:22:56+00:00","twitter_card":"summary_large_image","twitter_misc":{"Est. reading time":"1 minute"},"schema":{"@context":"https:\/\/schema.org","@graph":[{"@type":"WebPage","@id":"https:\/\/modernwaylogistics.pl\/centrum-informacji\/rodzaje-certyfikatow\/","url":"https:\/\/modernwaylogistics.pl\/centrum-informacji\/rodzaje-certyfikatow\/","name":"Rodzaje certyfikat\u00f3w w handlu mi\u0119dzynarodowym - Modern Way","isPartOf":{"@id":"https:\/\/modernwaylogistics.pl\/#website"},"datePublished":"2025-05-21T15:48:57+00:00","dateModified":"2025-06-28T12:22:56+00:00","description":"W transporcie mi\u0119dzynarodowym i handlu zagranicznym r\u00f3\u017cnego rodzaju certyfikaty odgrywaj\u0105 kluczow\u0105 rol\u0119.","breadcrumb":{"@id":"https:\/\/modernwaylogistics.pl\/centrum-informacji\/rodzaje-certyfikatow\/#breadcrumb"},"inLanguage":"en-US","potentialAction":[{"@type":"ReadAction","target":["https:\/\/modernwaylogistics.pl\/centrum-informacji\/rodzaje-certyfikatow\/"]}]},{"@type":"BreadcrumbList","@id":"https:\/\/modernwaylogistics.pl\/centrum-informacji\/rodzaje-certyfikatow\/#breadcrumb","itemListElement":[{"@type":"ListItem","position":1,"name":"Strona g\u0142\u00f3wna","item":"https:\/\/modernwaylogistics.pl\/en\/sample-page\/"},{"@type":"ListItem","position":2,"name":"Centrum informacji","item":"https:\/\/modernwaylogistics.pl\/centrum-informacji\/"},{"@type":"ListItem","position":3,"name":"Rodzaje certyfikat\u00f3w"}]},{"@type":"WebSite","@id":"https:\/\/modernwaylogistics.pl\/#website","url":"https:\/\/modernwaylogistics.pl\/","name":"Modern Way","description":"Modern Way Cross Border Logistics to mi\u0119dzynarodowy operator przyspieszonych poci\u0105g\u00f3w kontenerowych.","potentialAction":[{"@type":"SearchAction","target":{"@type":"EntryPoint","urlTemplate":"https:\/\/modernwaylogistics.pl\/?s={search_term_string}"},"query-input":{"@type":"PropertyValueSpecification","valueRequired":true,"valueName":"search_term_string"}}],"inLanguage":"en-US"}]}},"_links":{"self":[{"href":"https:\/\/modernwaylogistics.pl\/en\/wp-json\/wp\/v2\/pages\/535","targetHints":{"allow":["GET"]}}],"collection":[{"href":"https:\/\/modernwaylogistics.pl\/en\/wp-json\/wp\/v2\/pages"}],"about":[{"href":"https:\/\/modernwaylogistics.pl\/en\/wp-json\/wp\/v2\/types\/page"}],"author":[{"embeddable":true,"href":"https:\/\/modernwaylogistics.pl\/en\/wp-json\/wp\/v2\/users\/1"}],"replies":[{"embeddable":true,"href":"https:\/\/modernwaylogistics.pl\/en\/wp-json\/wp\/v2\/comments?post=535"}],"version-history":[{"count":4,"href":"https:\/\/modernwaylogistics.pl\/en\/wp-json\/wp\/v2\/pages\/535\/revisions"}],"predecessor-version":[{"id":1124,"href":"https:\/\/modernwaylogistics.pl\/en\/wp-json\/wp\/v2\/pages\/535\/revisions\/1124"}],"up":[{"embeddable":true,"href":"https:\/\/modernwaylogistics.pl\/en\/wp-json\/wp\/v2\/pages\/533"}],"wp:attachment":[{"href":"https:\/\/modernwaylogistics.pl\/en\/wp-json\/wp\/v2\/media?parent=535"}],"curies":[{"name":"wp","href":"https:\/\/api.w.org\/{rel}","templated":true}]}}