{"id":540,"date":"2025-05-21T18:56:06","date_gmt":"2025-05-21T15:56:06","guid":{"rendered":"https:\/\/modernwaylogistics.pl\/?page_id=540"},"modified":"2025-06-28T15:30:57","modified_gmt":"2025-06-28T12:30:57","slug":"terminy-i-definicje","status":"publish","type":"page","link":"https:\/\/modernwaylogistics.pl\/en\/centrum-informacji\/terminy-i-definicje\/","title":{"rendered":"Terminy i&nbsp;definicje"},"content":{"rendered":"<p>Poni\u017cej przedstawiamy wyja\u015bnienia najcz\u0119\u015bciej stosowanych termin\u00f3w zwi\u0105zanych z&nbsp;handlem zagranicznym, odprawami celnymi oraz dokumentacj\u0105 w&nbsp;transporcie mi\u0119dzynarodowym.<\/p>\n<p>Wiedza ta u\u0142atwia poruszanie si\u0119 w&nbsp;procesach importowych i&nbsp;eksportowych, a&nbsp;tak\u017ce w&nbsp;kontaktach z&nbsp;administracj\u0105 celn\u0105 i&nbsp;partnerami handlowymi.<\/p>\n","protected":false},"excerpt":{"rendered":"<p>Poni\u017cej przedstawiamy wyja\u015bnienia najcz\u0119\u015bciej stosowanych termin\u00f3w zwi\u0105zanych z&nbsp;handlem zagranicznym, odprawami celnymi oraz dokumentacj\u0105 w&nbsp;transporcie mi\u0119dzynarodowym. Wiedza ta u\u0142atwia poruszanie si\u0119 w&nbsp;procesach importowych i&nbsp;eksportowych, a&nbsp;tak\u017ce w&nbsp;kontaktach z&nbsp;administracj\u0105 celn\u0105 i&nbsp;partnerami handlowymi.<\/p>\n","protected":false},"author":1,"featured_media":0,"parent":533,"menu_order":2,"comment_status":"closed","ping_status":"closed","template":"templates\/reference-var2.php","meta":{"inline_featured_image":false,"wp_typography_post_enhancements_disabled":false,"footnotes":""},"class_list":["post-540","page","type-page","status-publish","hentry"],"acf":[],"yoast_head":"<!-- This site is optimized with the Yoast SEO plugin v25.7 - https:\/\/yoast.com\/wordpress\/plugins\/seo\/ -->\n<title>Podstawowe poj\u0119cia celne i mi\u0119dzynarodowe - Modern Way<\/title>\n<meta name=\"description\" content=\"Poni\u017cej przedstawiamy wyja\u015bnienia najcz\u0119\u015bciej stosowanych termin\u00f3w zwi\u0105zanych z handlem zagranicznym, odprawami celnymi oraz dokumentacj\u0105 w transporcie mi\u0119dzynarodowym.\" \/>\n<meta name=\"robots\" content=\"index, follow, max-snippet:-1, max-image-preview:large, max-video-preview:-1\" \/>\n<link rel=\"canonical\" href=\"https:\/\/modernwaylogistics.pl\/centrum-informacji\/terminy-i-definicje\/\" \/>\n<meta property=\"og:locale\" content=\"en_US\" \/>\n<meta property=\"og:type\" content=\"article\" \/>\n<meta property=\"og:title\" content=\"Podstawowe poj\u0119cia celne i mi\u0119dzynarodowe - Modern Way\" \/>\n<meta property=\"og:description\" content=\"Poni\u017cej przedstawiamy wyja\u015bnienia najcz\u0119\u015bciej stosowanych termin\u00f3w zwi\u0105zanych z handlem zagranicznym, odprawami celnymi oraz dokumentacj\u0105 w transporcie mi\u0119dzynarodowym.\" \/>\n<meta property=\"og:url\" content=\"https:\/\/modernwaylogistics.pl\/centrum-informacji\/terminy-i-definicje\/\" \/>\n<meta property=\"og:site_name\" content=\"Modern Way\" \/>\n<meta property=\"article:modified_time\" content=\"2025-06-28T12:30:57+00:00\" \/>\n<meta name=\"twitter:card\" content=\"summary_large_image\" \/>\n<meta name=\"twitter:label1\" content=\"Est. reading time\" \/>\n\t<meta name=\"twitter:data1\" content=\"1 minute\" \/>\n<script type=\"application\/ld+json\" class=\"yoast-schema-graph\">{\"@context\":\"https:\/\/schema.org\",\"@graph\":[{\"@type\":\"WebPage\",\"@id\":\"https:\/\/modernwaylogistics.pl\/centrum-informacji\/terminy-i-definicje\/\",\"url\":\"https:\/\/modernwaylogistics.pl\/centrum-informacji\/terminy-i-definicje\/\",\"name\":\"Podstawowe poj\u0119cia celne i mi\u0119dzynarodowe - Modern Way\",\"isPartOf\":{\"@id\":\"https:\/\/modernwaylogistics.pl\/#website\"},\"datePublished\":\"2025-05-21T15:56:06+00:00\",\"dateModified\":\"2025-06-28T12:30:57+00:00\",\"description\":\"Poni\u017cej przedstawiamy wyja\u015bnienia najcz\u0119\u015bciej stosowanych termin\u00f3w zwi\u0105zanych z handlem zagranicznym, odprawami celnymi oraz dokumentacj\u0105 w transporcie mi\u0119dzynarodowym.\",\"breadcrumb\":{\"@id\":\"https:\/\/modernwaylogistics.pl\/centrum-informacji\/terminy-i-definicje\/#breadcrumb\"},\"inLanguage\":\"en-US\",\"potentialAction\":[{\"@type\":\"ReadAction\",\"target\":[\"https:\/\/modernwaylogistics.pl\/centrum-informacji\/terminy-i-definicje\/\"]}]},{\"@type\":\"BreadcrumbList\",\"@id\":\"https:\/\/modernwaylogistics.pl\/centrum-informacji\/terminy-i-definicje\/#breadcrumb\",\"itemListElement\":[{\"@type\":\"ListItem\",\"position\":1,\"name\":\"Strona g\u0142\u00f3wna\",\"item\":\"https:\/\/modernwaylogistics.pl\/en\/sample-page\/\"},{\"@type\":\"ListItem\",\"position\":2,\"name\":\"Centrum informacji\",\"item\":\"https:\/\/modernwaylogistics.pl\/centrum-informacji\/\"},{\"@type\":\"ListItem\",\"position\":3,\"name\":\"Terminy i definicje\"}]},{\"@type\":\"WebSite\",\"@id\":\"https:\/\/modernwaylogistics.pl\/#website\",\"url\":\"https:\/\/modernwaylogistics.pl\/\",\"name\":\"Modern Way\",\"description\":\"Modern Way Cross Border Logistics to mi\u0119dzynarodowy operator przyspieszonych poci\u0105g\u00f3w kontenerowych.\",\"potentialAction\":[{\"@type\":\"SearchAction\",\"target\":{\"@type\":\"EntryPoint\",\"urlTemplate\":\"https:\/\/modernwaylogistics.pl\/?s={search_term_string}\"},\"query-input\":{\"@type\":\"PropertyValueSpecification\",\"valueRequired\":true,\"valueName\":\"search_term_string\"}}],\"inLanguage\":\"en-US\"}]}<\/script>\n<!-- \/ Yoast SEO plugin. -->","yoast_head_json":{"title":"Podstawowe poj\u0119cia celne i mi\u0119dzynarodowe - Modern Way","description":"Poni\u017cej przedstawiamy wyja\u015bnienia najcz\u0119\u015bciej stosowanych termin\u00f3w zwi\u0105zanych z handlem zagranicznym, odprawami celnymi oraz dokumentacj\u0105 w transporcie mi\u0119dzynarodowym.","robots":{"index":"index","follow":"follow","max-snippet":"max-snippet:-1","max-image-preview":"max-image-preview:large","max-video-preview":"max-video-preview:-1"},"canonical":"https:\/\/modernwaylogistics.pl\/centrum-informacji\/terminy-i-definicje\/","og_locale":"en_US","og_type":"article","og_title":"Podstawowe poj\u0119cia celne i mi\u0119dzynarodowe - Modern Way","og_description":"Poni\u017cej przedstawiamy wyja\u015bnienia najcz\u0119\u015bciej stosowanych termin\u00f3w zwi\u0105zanych z handlem zagranicznym, odprawami celnymi oraz dokumentacj\u0105 w transporcie mi\u0119dzynarodowym.","og_url":"https:\/\/modernwaylogistics.pl\/centrum-informacji\/terminy-i-definicje\/","og_site_name":"Modern Way","article_modified_time":"2025-06-28T12:30:57+00:00","twitter_card":"summary_large_image","twitter_misc":{"Est. reading time":"1 minute"},"schema":{"@context":"https:\/\/schema.org","@graph":[{"@type":"WebPage","@id":"https:\/\/modernwaylogistics.pl\/centrum-informacji\/terminy-i-definicje\/","url":"https:\/\/modernwaylogistics.pl\/centrum-informacji\/terminy-i-definicje\/","name":"Podstawowe poj\u0119cia celne i mi\u0119dzynarodowe - Modern Way","isPartOf":{"@id":"https:\/\/modernwaylogistics.pl\/#website"},"datePublished":"2025-05-21T15:56:06+00:00","dateModified":"2025-06-28T12:30:57+00:00","description":"Poni\u017cej przedstawiamy wyja\u015bnienia najcz\u0119\u015bciej stosowanych termin\u00f3w zwi\u0105zanych z handlem zagranicznym, odprawami celnymi oraz dokumentacj\u0105 w transporcie mi\u0119dzynarodowym.","breadcrumb":{"@id":"https:\/\/modernwaylogistics.pl\/centrum-informacji\/terminy-i-definicje\/#breadcrumb"},"inLanguage":"en-US","potentialAction":[{"@type":"ReadAction","target":["https:\/\/modernwaylogistics.pl\/centrum-informacji\/terminy-i-definicje\/"]}]},{"@type":"BreadcrumbList","@id":"https:\/\/modernwaylogistics.pl\/centrum-informacji\/terminy-i-definicje\/#breadcrumb","itemListElement":[{"@type":"ListItem","position":1,"name":"Strona g\u0142\u00f3wna","item":"https:\/\/modernwaylogistics.pl\/en\/sample-page\/"},{"@type":"ListItem","position":2,"name":"Centrum informacji","item":"https:\/\/modernwaylogistics.pl\/centrum-informacji\/"},{"@type":"ListItem","position":3,"name":"Terminy i definicje"}]},{"@type":"WebSite","@id":"https:\/\/modernwaylogistics.pl\/#website","url":"https:\/\/modernwaylogistics.pl\/","name":"Modern Way","description":"Modern Way Cross Border Logistics to mi\u0119dzynarodowy operator przyspieszonych poci\u0105g\u00f3w kontenerowych.","potentialAction":[{"@type":"SearchAction","target":{"@type":"EntryPoint","urlTemplate":"https:\/\/modernwaylogistics.pl\/?s={search_term_string}"},"query-input":{"@type":"PropertyValueSpecification","valueRequired":true,"valueName":"search_term_string"}}],"inLanguage":"en-US"}]}},"_links":{"self":[{"href":"https:\/\/modernwaylogistics.pl\/en\/wp-json\/wp\/v2\/pages\/540","targetHints":{"allow":["GET"]}}],"collection":[{"href":"https:\/\/modernwaylogistics.pl\/en\/wp-json\/wp\/v2\/pages"}],"about":[{"href":"https:\/\/modernwaylogistics.pl\/en\/wp-json\/wp\/v2\/types\/page"}],"author":[{"embeddable":true,"href":"https:\/\/modernwaylogistics.pl\/en\/wp-json\/wp\/v2\/users\/1"}],"replies":[{"embeddable":true,"href":"https:\/\/modernwaylogistics.pl\/en\/wp-json\/wp\/v2\/comments?post=540"}],"version-history":[{"count":9,"href":"https:\/\/modernwaylogistics.pl\/en\/wp-json\/wp\/v2\/pages\/540\/revisions"}],"predecessor-version":[{"id":1126,"href":"https:\/\/modernwaylogistics.pl\/en\/wp-json\/wp\/v2\/pages\/540\/revisions\/1126"}],"up":[{"embeddable":true,"href":"https:\/\/modernwaylogistics.pl\/en\/wp-json\/wp\/v2\/pages\/533"}],"wp:attachment":[{"href":"https:\/\/modernwaylogistics.pl\/en\/wp-json\/wp\/v2\/media?parent=540"}],"curies":[{"name":"wp","href":"https:\/\/api.w.org\/{rel}","templated":true}]}}