{"id":617,"date":"2025-05-25T19:23:04","date_gmt":"2025-05-25T16:23:04","guid":{"rendered":"https:\/\/modernwaylogistics.pl\/?page_id=617"},"modified":"2025-06-26T18:30:31","modified_gmt":"2025-06-26T15:30:31","slug":"kupic-kontener","status":"publish","type":"page","link":"https:\/\/modernwaylogistics.pl\/en\/kupic-kontener\/","title":{"rendered":"Kupi\u0107 kontener"},"content":{"rendered":"","protected":false},"excerpt":{"rendered":"","protected":false},"author":1,"featured_media":0,"parent":0,"menu_order":0,"comment_status":"closed","ping_status":"closed","template":"templates\/containers.php","meta":{"inline_featured_image":false,"wp_typography_post_enhancements_disabled":false,"footnotes":""},"class_list":["post-617","page","type-page","status-publish","hentry"],"acf":[],"yoast_head":"<!-- This site is optimized with the Yoast SEO plugin v25.7 - https:\/\/yoast.com\/wordpress\/plugins\/seo\/ -->\n<title>Sprzeda\u017c kontener\u00f3w 40\u2019 w Polsce, Niemczech i Ukrainie - Modern Way<\/title>\n<meta name=\"description\" content=\"W Modern Way oferujemy sprzeda\u017c nowych i u\u017cywanych kontener\u00f3w 40 st\u00f3p, spe\u0142niaj\u0105cych najwy\u017csze wymagania techniczne i jako\u015bciowe. Atrakcyjne ceny na modele 40\u2019 HC. Dostawa kontener\u00f3w wed\u0142ug indywidualnych ustale\u0144. Elastyczne formy p\u0142atno\u015bci dla firmSzeroki wyb\u00f3r dost\u0119pnych kontener\u00f3w na stanie\" \/>\n<meta name=\"robots\" content=\"index, follow, max-snippet:-1, max-image-preview:large, max-video-preview:-1\" \/>\n<link rel=\"canonical\" href=\"https:\/\/modernwaylogistics.pl\/kupic-kontener\/\" \/>\n<meta property=\"og:locale\" content=\"en_US\" \/>\n<meta property=\"og:type\" content=\"article\" \/>\n<meta property=\"og:title\" content=\"Sprzeda\u017c kontener\u00f3w 40\u2019 w Polsce, Niemczech i Ukrainie - Modern Way\" \/>\n<meta property=\"og:description\" content=\"W Modern Way oferujemy sprzeda\u017c nowych i u\u017cywanych kontener\u00f3w 40 st\u00f3p, spe\u0142niaj\u0105cych najwy\u017csze wymagania techniczne i jako\u015bciowe. Atrakcyjne ceny na modele 40\u2019 HC. Dostawa kontener\u00f3w wed\u0142ug indywidualnych ustale\u0144. Elastyczne formy p\u0142atno\u015bci dla firmSzeroki wyb\u00f3r dost\u0119pnych kontener\u00f3w na stanie\" \/>\n<meta property=\"og:url\" content=\"https:\/\/modernwaylogistics.pl\/kupic-kontener\/\" \/>\n<meta property=\"og:site_name\" content=\"Modern Way\" \/>\n<meta property=\"article:modified_time\" content=\"2025-06-26T15:30:31+00:00\" \/>\n<meta name=\"twitter:card\" content=\"summary_large_image\" \/>\n<script type=\"application\/ld+json\" class=\"yoast-schema-graph\">{\"@context\":\"https:\/\/schema.org\",\"@graph\":[{\"@type\":\"WebPage\",\"@id\":\"https:\/\/modernwaylogistics.pl\/kupic-kontener\/\",\"url\":\"https:\/\/modernwaylogistics.pl\/kupic-kontener\/\",\"name\":\"Sprzeda\u017c kontener\u00f3w 40\u2019 w Polsce, Niemczech i Ukrainie - Modern Way\",\"isPartOf\":{\"@id\":\"https:\/\/modernwaylogistics.pl\/#website\"},\"datePublished\":\"2025-05-25T16:23:04+00:00\",\"dateModified\":\"2025-06-26T15:30:31+00:00\",\"description\":\"W Modern Way oferujemy sprzeda\u017c nowych i u\u017cywanych kontener\u00f3w 40 st\u00f3p, spe\u0142niaj\u0105cych najwy\u017csze wymagania techniczne i jako\u015bciowe. Atrakcyjne ceny na modele 40\u2019 HC. Dostawa kontener\u00f3w wed\u0142ug indywidualnych ustale\u0144. Elastyczne formy p\u0142atno\u015bci dla firmSzeroki wyb\u00f3r dost\u0119pnych kontener\u00f3w na stanie\",\"breadcrumb\":{\"@id\":\"https:\/\/modernwaylogistics.pl\/kupic-kontener\/#breadcrumb\"},\"inLanguage\":\"en-US\",\"potentialAction\":[{\"@type\":\"ReadAction\",\"target\":[\"https:\/\/modernwaylogistics.pl\/kupic-kontener\/\"]}]},{\"@type\":\"BreadcrumbList\",\"@id\":\"https:\/\/modernwaylogistics.pl\/kupic-kontener\/#breadcrumb\",\"itemListElement\":[{\"@type\":\"ListItem\",\"position\":1,\"name\":\"Strona g\u0142\u00f3wna\",\"item\":\"https:\/\/modernwaylogistics.pl\/en\/sample-page\/\"},{\"@type\":\"ListItem\",\"position\":2,\"name\":\"Kupi\u0107 kontener\"}]},{\"@type\":\"WebSite\",\"@id\":\"https:\/\/modernwaylogistics.pl\/#website\",\"url\":\"https:\/\/modernwaylogistics.pl\/\",\"name\":\"Modern Way\",\"description\":\"Modern Way Cross Border Logistics to mi\u0119dzynarodowy operator przyspieszonych poci\u0105g\u00f3w kontenerowych.\",\"potentialAction\":[{\"@type\":\"SearchAction\",\"target\":{\"@type\":\"EntryPoint\",\"urlTemplate\":\"https:\/\/modernwaylogistics.pl\/?s={search_term_string}\"},\"query-input\":{\"@type\":\"PropertyValueSpecification\",\"valueRequired\":true,\"valueName\":\"search_term_string\"}}],\"inLanguage\":\"en-US\"}]}<\/script>\n<!-- \/ Yoast SEO plugin. -->","yoast_head_json":{"title":"Sprzeda\u017c kontener\u00f3w 40\u2019 w Polsce, Niemczech i Ukrainie - Modern Way","description":"W Modern Way oferujemy sprzeda\u017c nowych i u\u017cywanych kontener\u00f3w 40 st\u00f3p, spe\u0142niaj\u0105cych najwy\u017csze wymagania techniczne i jako\u015bciowe. Atrakcyjne ceny na modele 40\u2019 HC. Dostawa kontener\u00f3w wed\u0142ug indywidualnych ustale\u0144. Elastyczne formy p\u0142atno\u015bci dla firmSzeroki wyb\u00f3r dost\u0119pnych kontener\u00f3w na stanie","robots":{"index":"index","follow":"follow","max-snippet":"max-snippet:-1","max-image-preview":"max-image-preview:large","max-video-preview":"max-video-preview:-1"},"canonical":"https:\/\/modernwaylogistics.pl\/kupic-kontener\/","og_locale":"en_US","og_type":"article","og_title":"Sprzeda\u017c kontener\u00f3w 40\u2019 w Polsce, Niemczech i Ukrainie - Modern Way","og_description":"W Modern Way oferujemy sprzeda\u017c nowych i u\u017cywanych kontener\u00f3w 40 st\u00f3p, spe\u0142niaj\u0105cych najwy\u017csze wymagania techniczne i jako\u015bciowe. Atrakcyjne ceny na modele 40\u2019 HC. Dostawa kontener\u00f3w wed\u0142ug indywidualnych ustale\u0144. Elastyczne formy p\u0142atno\u015bci dla firmSzeroki wyb\u00f3r dost\u0119pnych kontener\u00f3w na stanie","og_url":"https:\/\/modernwaylogistics.pl\/kupic-kontener\/","og_site_name":"Modern Way","article_modified_time":"2025-06-26T15:30:31+00:00","twitter_card":"summary_large_image","schema":{"@context":"https:\/\/schema.org","@graph":[{"@type":"WebPage","@id":"https:\/\/modernwaylogistics.pl\/kupic-kontener\/","url":"https:\/\/modernwaylogistics.pl\/kupic-kontener\/","name":"Sprzeda\u017c kontener\u00f3w 40\u2019 w Polsce, Niemczech i Ukrainie - Modern Way","isPartOf":{"@id":"https:\/\/modernwaylogistics.pl\/#website"},"datePublished":"2025-05-25T16:23:04+00:00","dateModified":"2025-06-26T15:30:31+00:00","description":"W Modern Way oferujemy sprzeda\u017c nowych i u\u017cywanych kontener\u00f3w 40 st\u00f3p, spe\u0142niaj\u0105cych najwy\u017csze wymagania techniczne i jako\u015bciowe. Atrakcyjne ceny na modele 40\u2019 HC. Dostawa kontener\u00f3w wed\u0142ug indywidualnych ustale\u0144. Elastyczne formy p\u0142atno\u015bci dla firmSzeroki wyb\u00f3r dost\u0119pnych kontener\u00f3w na stanie","breadcrumb":{"@id":"https:\/\/modernwaylogistics.pl\/kupic-kontener\/#breadcrumb"},"inLanguage":"en-US","potentialAction":[{"@type":"ReadAction","target":["https:\/\/modernwaylogistics.pl\/kupic-kontener\/"]}]},{"@type":"BreadcrumbList","@id":"https:\/\/modernwaylogistics.pl\/kupic-kontener\/#breadcrumb","itemListElement":[{"@type":"ListItem","position":1,"name":"Strona g\u0142\u00f3wna","item":"https:\/\/modernwaylogistics.pl\/en\/sample-page\/"},{"@type":"ListItem","position":2,"name":"Kupi\u0107 kontener"}]},{"@type":"WebSite","@id":"https:\/\/modernwaylogistics.pl\/#website","url":"https:\/\/modernwaylogistics.pl\/","name":"Modern Way","description":"Modern Way Cross Border Logistics to mi\u0119dzynarodowy operator przyspieszonych poci\u0105g\u00f3w kontenerowych.","potentialAction":[{"@type":"SearchAction","target":{"@type":"EntryPoint","urlTemplate":"https:\/\/modernwaylogistics.pl\/?s={search_term_string}"},"query-input":{"@type":"PropertyValueSpecification","valueRequired":true,"valueName":"search_term_string"}}],"inLanguage":"en-US"}]}},"_links":{"self":[{"href":"https:\/\/modernwaylogistics.pl\/en\/wp-json\/wp\/v2\/pages\/617","targetHints":{"allow":["GET"]}}],"collection":[{"href":"https:\/\/modernwaylogistics.pl\/en\/wp-json\/wp\/v2\/pages"}],"about":[{"href":"https:\/\/modernwaylogistics.pl\/en\/wp-json\/wp\/v2\/types\/page"}],"author":[{"embeddable":true,"href":"https:\/\/modernwaylogistics.pl\/en\/wp-json\/wp\/v2\/users\/1"}],"replies":[{"embeddable":true,"href":"https:\/\/modernwaylogistics.pl\/en\/wp-json\/wp\/v2\/comments?post=617"}],"version-history":[{"count":8,"href":"https:\/\/modernwaylogistics.pl\/en\/wp-json\/wp\/v2\/pages\/617\/revisions"}],"predecessor-version":[{"id":977,"href":"https:\/\/modernwaylogistics.pl\/en\/wp-json\/wp\/v2\/pages\/617\/revisions\/977"}],"wp:attachment":[{"href":"https:\/\/modernwaylogistics.pl\/en\/wp-json\/wp\/v2\/media?parent=617"}],"curies":[{"name":"wp","href":"https:\/\/api.w.org\/{rel}","templated":true}]}}