{"id":666,"date":"2025-05-31T08:04:55","date_gmt":"2025-05-31T05:04:55","guid":{"rendered":"https:\/\/modernwaylogistics.pl\/?page_id=666"},"modified":"2025-06-25T12:13:16","modified_gmt":"2025-06-25T09:13:16","slug":"services","status":"publish","type":"page","link":"https:\/\/modernwaylogistics.pl\/en\/services\/","title":{"rendered":"Us\u0142ugi"},"content":{"rendered":"","protected":false},"excerpt":{"rendered":"","protected":false},"author":1,"featured_media":0,"parent":0,"menu_order":0,"comment_status":"closed","ping_status":"closed","template":"templates\/services.php","meta":{"inline_featured_image":false,"wp_typography_post_enhancements_disabled":false,"footnotes":""},"class_list":["post-666","page","type-page","status-publish","hentry"],"acf":[],"yoast_head":"<!-- This site is optimized with the Yoast SEO plugin v25.7 - https:\/\/yoast.com\/wordpress\/plugins\/seo\/ -->\n<title>Us\u0142ugi - Modern Way<\/title>\n<meta name=\"description\" content=\"Nasze us\u0142ugi logistyczne realizujemy w ramach chi\u0144skiego projektu \u201eJeden pas \u2013 Jedna droga\u201d (One Belt One Road), zapewniaj\u0105c kompleksow\u0105 obs\u0142ug\u0119 transportow\u0105, obejmuj\u0105c\u0105 przewozy kolejowe, morskie, lotnicze oraz drogowe.\" \/>\n<meta name=\"robots\" content=\"index, follow, max-snippet:-1, max-image-preview:large, max-video-preview:-1\" \/>\n<link rel=\"canonical\" href=\"https:\/\/modernwaylogistics.pl\/services\/\" \/>\n<meta property=\"og:locale\" content=\"en_US\" \/>\n<meta property=\"og:type\" content=\"article\" \/>\n<meta property=\"og:title\" content=\"Us\u0142ugi - Modern Way\" \/>\n<meta property=\"og:description\" content=\"Nasze us\u0142ugi logistyczne realizujemy w ramach chi\u0144skiego projektu \u201eJeden pas \u2013 Jedna droga\u201d (One Belt One Road), zapewniaj\u0105c kompleksow\u0105 obs\u0142ug\u0119 transportow\u0105, obejmuj\u0105c\u0105 przewozy kolejowe, morskie, lotnicze oraz drogowe.\" \/>\n<meta property=\"og:url\" content=\"https:\/\/modernwaylogistics.pl\/services\/\" \/>\n<meta property=\"og:site_name\" content=\"Modern Way\" \/>\n<meta property=\"article:modified_time\" content=\"2025-06-25T09:13:16+00:00\" \/>\n<meta name=\"twitter:card\" content=\"summary_large_image\" \/>\n<script type=\"application\/ld+json\" class=\"yoast-schema-graph\">{\"@context\":\"https:\/\/schema.org\",\"@graph\":[{\"@type\":\"WebPage\",\"@id\":\"https:\/\/modernwaylogistics.pl\/services\/\",\"url\":\"https:\/\/modernwaylogistics.pl\/services\/\",\"name\":\"Us\u0142ugi - Modern Way\",\"isPartOf\":{\"@id\":\"https:\/\/modernwaylogistics.pl\/#website\"},\"datePublished\":\"2025-05-31T05:04:55+00:00\",\"dateModified\":\"2025-06-25T09:13:16+00:00\",\"description\":\"Nasze us\u0142ugi logistyczne realizujemy w ramach chi\u0144skiego projektu \u201eJeden pas \u2013 Jedna droga\u201d (One Belt One Road), zapewniaj\u0105c kompleksow\u0105 obs\u0142ug\u0119 transportow\u0105, obejmuj\u0105c\u0105 przewozy kolejowe, morskie, lotnicze oraz drogowe.\",\"breadcrumb\":{\"@id\":\"https:\/\/modernwaylogistics.pl\/services\/#breadcrumb\"},\"inLanguage\":\"en-US\",\"potentialAction\":[{\"@type\":\"ReadAction\",\"target\":[\"https:\/\/modernwaylogistics.pl\/services\/\"]}]},{\"@type\":\"BreadcrumbList\",\"@id\":\"https:\/\/modernwaylogistics.pl\/services\/#breadcrumb\",\"itemListElement\":[{\"@type\":\"ListItem\",\"position\":1,\"name\":\"Strona g\u0142\u00f3wna\",\"item\":\"https:\/\/modernwaylogistics.pl\/en\/sample-page\/\"},{\"@type\":\"ListItem\",\"position\":2,\"name\":\"Us\u0142ugi\"}]},{\"@type\":\"WebSite\",\"@id\":\"https:\/\/modernwaylogistics.pl\/#website\",\"url\":\"https:\/\/modernwaylogistics.pl\/\",\"name\":\"Modern Way\",\"description\":\"Modern Way Cross Border Logistics to mi\u0119dzynarodowy operator przyspieszonych poci\u0105g\u00f3w kontenerowych.\",\"potentialAction\":[{\"@type\":\"SearchAction\",\"target\":{\"@type\":\"EntryPoint\",\"urlTemplate\":\"https:\/\/modernwaylogistics.pl\/?s={search_term_string}\"},\"query-input\":{\"@type\":\"PropertyValueSpecification\",\"valueRequired\":true,\"valueName\":\"search_term_string\"}}],\"inLanguage\":\"en-US\"}]}<\/script>\n<!-- \/ Yoast SEO plugin. -->","yoast_head_json":{"title":"Us\u0142ugi - Modern Way","description":"Nasze us\u0142ugi logistyczne realizujemy w ramach chi\u0144skiego projektu \u201eJeden pas \u2013 Jedna droga\u201d (One Belt One Road), zapewniaj\u0105c kompleksow\u0105 obs\u0142ug\u0119 transportow\u0105, obejmuj\u0105c\u0105 przewozy kolejowe, morskie, lotnicze oraz drogowe.","robots":{"index":"index","follow":"follow","max-snippet":"max-snippet:-1","max-image-preview":"max-image-preview:large","max-video-preview":"max-video-preview:-1"},"canonical":"https:\/\/modernwaylogistics.pl\/services\/","og_locale":"en_US","og_type":"article","og_title":"Us\u0142ugi - Modern Way","og_description":"Nasze us\u0142ugi logistyczne realizujemy w ramach chi\u0144skiego projektu \u201eJeden pas \u2013 Jedna droga\u201d (One Belt One Road), zapewniaj\u0105c kompleksow\u0105 obs\u0142ug\u0119 transportow\u0105, obejmuj\u0105c\u0105 przewozy kolejowe, morskie, lotnicze oraz drogowe.","og_url":"https:\/\/modernwaylogistics.pl\/services\/","og_site_name":"Modern Way","article_modified_time":"2025-06-25T09:13:16+00:00","twitter_card":"summary_large_image","schema":{"@context":"https:\/\/schema.org","@graph":[{"@type":"WebPage","@id":"https:\/\/modernwaylogistics.pl\/services\/","url":"https:\/\/modernwaylogistics.pl\/services\/","name":"Us\u0142ugi - Modern Way","isPartOf":{"@id":"https:\/\/modernwaylogistics.pl\/#website"},"datePublished":"2025-05-31T05:04:55+00:00","dateModified":"2025-06-25T09:13:16+00:00","description":"Nasze us\u0142ugi logistyczne realizujemy w ramach chi\u0144skiego projektu \u201eJeden pas \u2013 Jedna droga\u201d (One Belt One Road), zapewniaj\u0105c kompleksow\u0105 obs\u0142ug\u0119 transportow\u0105, obejmuj\u0105c\u0105 przewozy kolejowe, morskie, lotnicze oraz drogowe.","breadcrumb":{"@id":"https:\/\/modernwaylogistics.pl\/services\/#breadcrumb"},"inLanguage":"en-US","potentialAction":[{"@type":"ReadAction","target":["https:\/\/modernwaylogistics.pl\/services\/"]}]},{"@type":"BreadcrumbList","@id":"https:\/\/modernwaylogistics.pl\/services\/#breadcrumb","itemListElement":[{"@type":"ListItem","position":1,"name":"Strona g\u0142\u00f3wna","item":"https:\/\/modernwaylogistics.pl\/en\/sample-page\/"},{"@type":"ListItem","position":2,"name":"Us\u0142ugi"}]},{"@type":"WebSite","@id":"https:\/\/modernwaylogistics.pl\/#website","url":"https:\/\/modernwaylogistics.pl\/","name":"Modern Way","description":"Modern Way Cross Border Logistics to mi\u0119dzynarodowy operator przyspieszonych poci\u0105g\u00f3w kontenerowych.","potentialAction":[{"@type":"SearchAction","target":{"@type":"EntryPoint","urlTemplate":"https:\/\/modernwaylogistics.pl\/?s={search_term_string}"},"query-input":{"@type":"PropertyValueSpecification","valueRequired":true,"valueName":"search_term_string"}}],"inLanguage":"en-US"}]}},"_links":{"self":[{"href":"https:\/\/modernwaylogistics.pl\/en\/wp-json\/wp\/v2\/pages\/666","targetHints":{"allow":["GET"]}}],"collection":[{"href":"https:\/\/modernwaylogistics.pl\/en\/wp-json\/wp\/v2\/pages"}],"about":[{"href":"https:\/\/modernwaylogistics.pl\/en\/wp-json\/wp\/v2\/types\/page"}],"author":[{"embeddable":true,"href":"https:\/\/modernwaylogistics.pl\/en\/wp-json\/wp\/v2\/users\/1"}],"replies":[{"embeddable":true,"href":"https:\/\/modernwaylogistics.pl\/en\/wp-json\/wp\/v2\/comments?post=666"}],"version-history":[{"count":3,"href":"https:\/\/modernwaylogistics.pl\/en\/wp-json\/wp\/v2\/pages\/666\/revisions"}],"predecessor-version":[{"id":970,"href":"https:\/\/modernwaylogistics.pl\/en\/wp-json\/wp\/v2\/pages\/666\/revisions\/970"}],"wp:attachment":[{"href":"https:\/\/modernwaylogistics.pl\/en\/wp-json\/wp\/v2\/media?parent=666"}],"curies":[{"name":"wp","href":"https:\/\/api.w.org\/{rel}","templated":true}]}}